{"id":363495,"date":"2023-01-17T22:11:21","date_gmt":"2023-01-17T21:11:21","guid":{"rendered":"https:\/\/www.auramonaco.de\/?post_type=product&#038;p=363495"},"modified":"2023-03-02T06:38:08","modified_gmt":"2023-03-02T05:38:08","slug":"0-05mm-matte-mink-cashmere-lashes-cc-dd-curl","status":"publish","type":"product","link":"https:\/\/www.auramonaco.de\/en\/product\/0-05mm-matte-mink-cashmere-lashes-cc-dd-curl\/","title":{"rendered":"0.05mm Matte Mink Cashmere Lashes | CC &amp; DD Curl"},"content":{"rendered":"<div class=\"wpb-content-wrapper\"><p>[notphone]<\/p>\n<h2><span style=\"color: #fc85a9\">Matte Mink Cashmere Lashes.<\/span><\/h2>\n<p>&#8226; 16 Reihen matte Mink Cashmere Lashes &#8211; ca. 4500 Wimpern pro Tray<br \/>\n&#8226; CC &amp; DD-Curl &#8211; L\u00e4ngen von 8 bis 15mm und Mix-Trays<\/p>\n<p>&#8226; 0,05mm St\u00e4rke &#8211; f\u00fcr Volumen-Profis zum Selbstf\u00e4chern<br \/>\n&#8226; Premium Salonqualit\u00e4t &#8211; einfach vom Klebestreifen zu l\u00f6sen[\/notphone]<br \/>\n[phone]<\/p>\n<h3><span style=\"color: #fc85a9\">Matte Mink Cashmere Lashes.<\/span><\/h3>\n<p>&#8226; 16 Reihen matte Mink Cashmere Lashes<br \/>\n&#8226; ca. 4000 vegane Wimpern pro Tray<\/p>\n<p>&#8226; B, C &amp; D-Curl und L\u00e4ngen von 6 bis 16mm<br \/>\n&#8226; f\u00fcr Volumen-Profis zum Selbstf\u00e4chern[\/phone][vc_separator title_size=&#8221;small&#8221;][vc_row][vc_column][vc_empty_space height=&#8221;5px&#8221;][\/vc_column][\/vc_row][vc_row type=&#8221;boxed&#8221; max_width=&#8221;1500&#8243; content_placement=&#8221;middle&#8221;][vc_column width=&#8221;1\/12&#8243;][vc_single_image image=&#8221;1289&#8243; img_size=&#8221;&#8221;][\/vc_column][vc_column width=&#8221;11\/12&#8243; offset=&#8221;vc_col-lg-offset-0 vc_col-md-offset-0 vc_col-sm-offset-0&#8243;][vc_column_text]<\/p>\n<p>Shipping within 24 hrs*<\/p>\n<p>[\/vc_column_text][\/vc_column][\/vc_row][vc_row][vc_column][vc_empty_space height=&#8221;10px&#8221;][vc_separator title_size=&#8221;small&#8221;][vc_empty_space height=&#8221;10px&#8221;][\/vc_column][\/vc_row][vc_row type=&#8221;boxed&#8221; max_width=&#8221;1500&#8243; content_placement=&#8221;middle&#8221;][vc_column width=&#8221;1\/12&#8243;][vc_single_image image=&#8221;1288&#8243; img_size=&#8221;&#8221;][\/vc_column][vc_column width=&#8221;11\/12&#8243;][vc_column_text]<\/p>\n<p>free shipping from 99\u20ac *<\/p>\n<p>[\/vc_column_text][\/vc_column][\/vc_row][vc_row][vc_column][vc_empty_space height=&#8221;10px&#8221;][vc_separator title_size=&#8221;small&#8221;][vc_empty_space height=&#8221;10px&#8221;][\/vc_column][\/vc_row][vc_row type=&#8221;boxed&#8221; max_width=&#8221;1500&#8243; content_placement=&#8221;middle&#8221;][vc_column width=&#8221;1\/12&#8243;][vc_single_image image=&#8221;1290&#8243; img_size=&#8221;&#8221;][\/vc_column][vc_column width=&#8221;11\/12&#8243;][vc_column_text]<\/p>\n<p>Installment and invoice purchase<br \/>\n[\/vc_column_text][\/vc_column][\/vc_row][vc_row][vc_column][vc_empty_space height=&#8221;10px&#8221;][\/vc_column][\/vc_row][vc_separator title_size=&#8221;small&#8221;][vc_row css=&#8221;.vc_custom_1440775063128{padding-bottom: 37px !important;}&#8221;][vc_column width=&#8221;1\/2&#8243;][\/vc_column][vc_column width=&#8221;1\/2&#8243; offset=&#8221;vc_hidden-xs&#8221;][\/vc_column][\/vc_row]<br \/>\n[vc_row css=&#8221;.vc_custom_1436705138258{padding-bottom: 46px !important;}&#8221;][vc_column][vc_accordion collapsible=&#8221;yes&#8221;][vc_accordion_tab title=&#8221;Mink or Silk?&#8221;][vc_column_text]<\/p>\n<p><b><span style=\"color: #fc85a9\">Mink<\/span><\/b> &#8211; vegan <b>matte<\/b> lashes<br \/>\nMink Lashes are also called mink lashes.<\/p>\n<p><b><span style=\"color: #fc85a9\">Silk<\/span><\/b> &#8211; vegan <b>shiny<\/b> lashes<br \/>\nSilk Lashes are called Silk Lashes because of their shiny surface.<br \/>\n[\/vc_column_text][\/vc_accordion_tab][vc_accordion_tab title=&#8221;0.05mm or 0.20mm?&#8221;][vc_column_text]<\/p>\n<p><b><br \/>\n  <span style=\"color: #fc85a9\">0,03mm<\/span><br \/>\n<\/b> &#8211; <b><br \/>\n  <span style=\"color: #fc85a9\">0,07mm<\/span><br \/>\n<\/b><br \/>\n&#8211; for the 3D to 20D volume technique<br \/>\n&#8211; very fine lashes, perfect for volume<\/p>\n<p>You need to master the volume technique and create the fans yourself by hand.<\/p>\n<p><b><span style=\"color: #fc85a9\">0,10mm<\/span><\/b> &#8211; Volume technique to 3D<br \/>\n<b><span style=\"color: #fc85a9\">0.15mm<\/span><\/b> &#8211; Volume technique up to 2D or 1:1<br \/>\n<b><span style=\"color: #fc85a9\">0.18mm<\/span><\/b> &#8211; Volume technique up to 2D or 1:1<\/p>\n<p><b><span style=\"color: #fc85a9\">0.20mm<\/span><\/b> &#8211; 1:1 technique<br \/>\n<b><br \/>\n  <span style=\"color: #fc85a9\">0.25mm<\/span><br \/>\n<\/b> &#8211; 1:1 technique<\/p>\n<p><b><span style=\"color: #fc85a9\">0.15mm to 0.25mm<\/span><\/b><br \/>\n&#8211; thicker, more striking lashes<br \/>\n&#8211; Suitable for the 1:1 technique<\/p>\n<p>1:1 technique means: You glue one artificial lash per natural lash.<\/p>\n<p>[\/vc_column_text][\/vc_accordion_tab][vc_accordion_tab title=&#8221;B, C or D curl?&#8221;][vc_column_text]<\/p>\n<p><b><span style=\"color: #fc85a9\">B-Curl<\/span><\/b> &#8211; weak, natural curl<br \/>\n<b><span style=\"color: #fc85a9\">C-Curl<\/span><\/b> &#8211; normal, slightly stronger curl<br \/>\n<b><span style=\"color: #fc85a9\">CC-Curl<\/span><\/b> &#8211; stronger than C, weaker than D<\/p>\n<p><b><span style=\"color: #fc85a9\">D-Curl<\/span><\/b> &#8211; strong glamorous curl<br \/>\n<b><span style=\"color: #fc85a9\">DD-Curl<\/span><\/b> &#8211; stronger than D, weaker than U<\/p>\n<p><b><span style=\"color: #fc85a9\">U-Curl<\/span><\/b> &#8211; extreme curl<br \/>\n<b><span style=\"color: #fc85a9\">M-Curl<\/span><\/b> &#8211; Very steep curl<\/p>\n<p><b><br \/>\n  <span style=\"color: #fc85a9\">LC-Curl<\/span><br \/>\n<\/b> &#8211; for spectacle wearers and drooping eyelids<br \/>\n<b><span style=\"color: #fc85a9\">LD-Curl<\/span><\/b> &#8211; for spectacle wearers and drooping eyelids[\/vc_column_text][\/vc_accordion_tab][\/vc_accordion][\/vc_column][\/vc_row]<\/p>\n<\/div>","protected":false},"excerpt":{"rendered":"<p>[notphone] Matte Mink Cashmere Lashes. &#8226; 16 Reihen matte Mink Cashmere Lashes &#8211; ca. 4500 Wimpern pro Tray &#8226; CC &hellip;<\/p>\n","protected":false},"featured_media":0,"comment_status":"open","ping_status":"closed","template":"","meta":[],"product_brand":[],"product_cat":[458],"product_tag":[],"class_list":{"0":"post-363495","1":"product","2":"type-product","3":"status-publish","5":"product_cat-brow-lifting","7":"first","8":"outofstock","9":"taxable","10":"shipping-taxable","11":"product-type-variable"},"_links":{"self":[{"href":"https:\/\/www.auramonaco.de\/en\/wp-json\/wp\/v2\/product\/363495","targetHints":{"allow":["GET"]}}],"collection":[{"href":"https:\/\/www.auramonaco.de\/en\/wp-json\/wp\/v2\/product"}],"about":[{"href":"https:\/\/www.auramonaco.de\/en\/wp-json\/wp\/v2\/types\/product"}],"replies":[{"embeddable":true,"href":"https:\/\/www.auramonaco.de\/en\/wp-json\/wp\/v2\/comments?post=363495"}],"wp:attachment":[{"href":"https:\/\/www.auramonaco.de\/en\/wp-json\/wp\/v2\/media?parent=363495"}],"wp:term":[{"taxonomy":"product_brand","embeddable":true,"href":"https:\/\/www.auramonaco.de\/en\/wp-json\/wp\/v2\/product_brand?post=363495"},{"taxonomy":"product_cat","embeddable":true,"href":"https:\/\/www.auramonaco.de\/en\/wp-json\/wp\/v2\/product_cat?post=363495"},{"taxonomy":"product_tag","embeddable":true,"href":"https:\/\/www.auramonaco.de\/en\/wp-json\/wp\/v2\/product_tag?post=363495"}],"curies":[{"name":"wp","href":"https:\/\/api.w.org\/{rel}","templated":true}]}}