{"id":363352,"date":"2022-08-12T12:21:36","date_gmt":"2022-08-12T10:21:36","guid":{"rendered":"https:\/\/www.auramonaco.de\/product\/dermapen-11-needle-head-for-needle-pen-7-pro\/"},"modified":"2026-03-12T17:41:20","modified_gmt":"2026-03-12T16:41:20","slug":"themapen-11-pinhead-for-needle-pen-7-pro","status":"publish","type":"product","link":"https:\/\/www.auramonaco.de\/en\/product\/themapen-11-pinhead-for-needle-pen-7-pro\/","title":{"rendered":"10x Dermapen 11 pin needle cartridges for Needle Pen 7 Pro"},"content":{"rendered":"<div class=\"wpb-content-wrapper\"><p>[vc_row type=&#8221;boxed&#8221;][vc_column width=&#8221;1\/6&#8243; offset=&#8221;vc_col-lg-1\/5 vc_col-xs-2 vc_hidden-xs&#8221;][\/vc_column][vc_column width=&#8221;1\/6&#8243; offset=&#8221;vc_col-lg-offset-0 vc_col-xs-3&#8243;][vc_single_image image=&#8221;353708&#8243;][\/vc_column][vc_column width=&#8221;1\/6&#8243; offset=&#8221;vc_col-xs-3&#8243;][vc_single_image image=&#8221;353703&#8243;][\/vc_column][vc_column width=&#8221;1\/6&#8243; offset=&#8221;vc_col-xs-3&#8243;][vc_single_image image=&#8221;353715&#8243;][\/vc_column][vc_column width=&#8221;1\/6&#8243; offset=&#8221;vc_col-lg-offset-0 vc_col-xs-3&#8243;][vc_single_image image=&#8221;353706&#8243;][\/vc_column][vc_column width=&#8221;1\/6&#8243; offset=&#8221;vc_col-lg-1\/5 vc_col-xs-2 vc_hidden-xs&#8221;][\/vc_column][\/vc_row][vc_row][vc_column offset=&#8221;vc_hidden-xs&#8221;][vc_empty_space][\/vc_column][\/vc_row][vc_row][vc_column offset=&#8221;vc_hidden-lg vc_hidden-md vc_hidden-sm&#8221;][vc_empty_space height=&#8221;20px&#8221;][\/vc_column][\/vc_row][vc_row type=&#8221;boxed&#8221;][vc_column offset=&#8221;vc_col-lg-offset-1 vc_col-lg-10&#8243;][vc_tta_accordion style=&#8221;modern&#8221; color=&#8221;white&#8221; active_section=&#8221;999999999999&#8243; no_fill=&#8221;true&#8221; collapsible_all=&#8221;true&#8221;][vc_tta_section title=&#8221;PRODUCT INFO&#8221; tab_id=&#8221;1664987938376-3e895acf-516b&#8221;][vc_column_text]<span style=\"font-family: apercu-regular;\"><span style=\"font-size: 12pt;\">&#8211; high quality Dermapen needle cartridge<br \/>\n&#8211; for the Needle Pen 7 Pro<br \/>\n&#8211; Premium needles for best results<br \/>\n&#8211; hygienically individually packed<br \/>\n&#8211; for single use<br \/>\n&#8211; infuses serums perfectly into the skin<br \/>\n&#8211; for targeted, controlled needling<\/span><\/span><\/p>\n<p>Not sure which needle cartridge you need? Take a look at our <strong><a href=\"https:\/\/www.auramonaco.de\/en\/needle-head-overview\/\">needle cartridge overview<\/a><\/strong>.[\/vc_column_text][\/vc_tta_section][vc_tta_section title=&#8221;REVIEWS&#8221; tab_id=&#8221;1665779341413-9f6fc378-e7ac&#8221;]<div class=\"nm-product-reviews layout-default\"><ul class=\"nm-product-reviews-ul xsmall-block-grid-1 small-block-grid-1 medium-block-grid-2 large-block-grid-4\"><li class=\"nm-product-review nm-product-363352-review\"><div class=\"nm-product-review-inner\"><div class=\"nm-product-review-star-rating\"><div class=\"star-rating\" role=\"img\" aria-label=\"Rated 5 out of 5\"><span style=\"width:100%\">Rated <strong class=\"rating\">5<\/strong> out of 5<\/span><\/div><\/div><div class=\"nm-product-review-description\">Diese Nadelpatronen passen perfekt zu meinem Derma Pen. Zu beachten ist, da\u00df sie nur auf bestimmte Pens passen.\r\n\r\nSo einen Aufsatz mit 11 Nadeln kann man bestens f\u00fcr Gesicht und auch f\u00fcr den K\u00f6rper verwenden. Die Nadeln lassen sich, wenn der Pen das zul\u00e4sst in einer Stichtiefe von 0,25 mm-2,0 mm nutzen.<\/div><div class=\"nm-product-review-author\"><img src='https:\/\/secure.gravatar.com\/avatar\/dec275a6ed907137bbca96a3abe284d498b5663e204754302e053cd8cb1830a4?s=250&#038;d=blank&#038;r=g' srcset='https:\/\/secure.gravatar.com\/avatar\/dec275a6ed907137bbca96a3abe284d498b5663e204754302e053cd8cb1830a4?s=250&#038;d=blank&#038;r=g 2x' class='avatar avatar-60 photo' height='60' width='60' decoding='async'\/><span>Alexandra<\/span><em>11. July 2023<\/em><\/div><\/div><\/li><li class=\"nm-product-review nm-product-363352-review\"><div class=\"nm-product-review-inner\"><div class=\"nm-product-review-star-rating\"><div class=\"star-rating\" role=\"img\" aria-label=\"Rated 5 out of 5\"><span style=\"width:100%\">Rated <strong class=\"rating\">5<\/strong> out of 5<\/span><\/div><\/div><div class=\"nm-product-review-description\">super!!!<\/div><div class=\"nm-product-review-author\"><img src='https:\/\/secure.gravatar.com\/avatar\/dec275a6ed907137bbca96a3abe284d498b5663e204754302e053cd8cb1830a4?s=250&#038;d=blank&#038;r=g' srcset='https:\/\/secure.gravatar.com\/avatar\/dec275a6ed907137bbca96a3abe284d498b5663e204754302e053cd8cb1830a4?s=250&#038;d=blank&#038;r=g 2x' class='avatar avatar-60 photo' height='60' width='60' decoding='async'\/><span>Kosmetik &amp; Nails<\/span><em>13. February 2023<\/em><\/div><\/div><\/li><\/ul><\/div>[\/vc_tta_section][vc_tta_section title=&#8221;INSTRUCTIONS&#8221; tab_id=&#8221;1665214964749-8297e26a-b02c&#8221;][vc_column_text]<span style=\"font-family: apercu-regular;\">How to perform a Microneedling or BB Glow Treatment with your Dermapen, you will learn <a href=\"https:\/\/www.auramonaco.de\/en\/apply-serum-without-needling\/\"><br \/>\n  <strong>here<\/strong><br \/>\n<\/a>.<\/span><br \/>\nHow to select the right needle cartridge, you will learn in our <a href=\"https:\/\/www.auramonaco.de\/en\/needle-head-overview\/\"><strong>Needle cartridge overview<\/strong><\/a>.[\/vc_column_text][\/vc_tta_section][\/vc_tta_accordion][vc_empty_space height=&#8221;20px&#8221;][\/vc_column][\/vc_row][vc_row type=&#8221;boxed&#8221;][vc_column width=&#8221;1\/6&#8243; offset=&#8221;vc_col-lg-1\/5 vc_col-xs-2 vc_hidden-xs&#8221;][\/vc_column][vc_column width=&#8221;1\/6&#8243; offset=&#8221;vc_col-lg-offset-0 vc_col-xs-3&#8243;][vc_single_image image=&#8221;353716&#8243; onclick=&#8221;custom_link&#8221; img_link_target=&#8221;_blank&#8221; link=&#8221;https:\/\/wa.me\/4915792300073&#8243;][\/vc_column][vc_column width=&#8221;1\/6&#8243; offset=&#8221;vc_col-xs-3&#8243;][vc_single_image image=&#8221;353719&#8243; onclick=&#8221;custom_link&#8221; link=&#8221;https:\/\/www.auramonaco.de\/en\/354356-2\/&#8221;][\/vc_column][vc_column width=&#8221;1\/6&#8243; offset=&#8221;vc_col-xs-3&#8243;][vc_single_image image=&#8221;353718&#8243; onclick=&#8221;custom_link&#8221; link=&#8221;tel:+494030094004&#8243;][\/vc_column][vc_column width=&#8221;1\/6&#8243; offset=&#8221;vc_col-lg-offset-0 vc_col-xs-3&#8243;][vc_single_image image=&#8221;353717&#8243; onclick=&#8221;custom_link&#8221; link=&#8221;https:\/\/www.auramonaco.de\/en\/354277-2\/&#8221;][\/vc_column][vc_column width=&#8221;1\/6&#8243; offset=&#8221;vc_col-lg-1\/5 vc_col-xs-2 vc_hidden-xs&#8221;][\/vc_column][\/vc_row][vc_row][vc_column][vc_column_text]<br \/>\n[\/vc_column_text][\/vc_column][\/vc_row][vc_row][vc_column][vc_empty_space][vc_column_text]<\/p>\n<h3>RECOMMENDATIONS<\/h3>\n<p>[\/vc_column_text][vc_empty_space][\/vc_column][\/vc_row][vc_row][vc_column]<div class=\"woocommerce columns-4 \"><ul class=\"nm-products products xsmall-block-grid-2 small-block-grid-2 medium-block-grid-3 large-block-grid-4 grid-default layout-static-buttons attributes-position-thumbnail no-action-links\">\r\n<li class=\"product type-product post-363382 status-publish first instock product_cat-serums has-post-thumbnail taxable shipping-taxable purchasable product-type-simple\" data-product-id=\"363382\">\r\n\t<div class=\"nm-shop-loop-product-wrap\">\r\n        \r\n        <div class=\"nm-shop-loop-thumbnail\">\r\n                        \r\n            <a href=\"https:\/\/www.auramonaco.de\/en\/product\/serum-for-beard-hair-growth\/\" class=\"nm-shop-loop-thumbnail-link woocommerce-LoopProduct-link\">\r\n            <img decoding=\"async\" width=\"700\" height=\"700\" src=\"https:\/\/www.auramonaco.de\/wp-content\/uploads\/2022\/09\/Hair-Beard-Serum-Bottle-700x700.jpg\" class=\"attachment-woocommerce_thumbnail size-woocommerce_thumbnail\" alt=\"Serum for beard &amp; hair growth\" srcset=\"https:\/\/www.auramonaco.de\/wp-content\/uploads\/2022\/09\/Hair-Beard-Serum-Bottle-700x700.jpg 700w, https:\/\/www.auramonaco.de\/wp-content\/uploads\/2022\/09\/Hair-Beard-Serum-Bottle-300x300.jpg 300w, https:\/\/www.auramonaco.de\/wp-content\/uploads\/2022\/09\/Hair-Beard-Serum-Bottle-750x750.jpg 750w, https:\/\/www.auramonaco.de\/wp-content\/uploads\/2022\/09\/Hair-Beard-Serum-Bottle-768x768.jpg 768w, https:\/\/www.auramonaco.de\/wp-content\/uploads\/2022\/09\/Hair-Beard-Serum-Bottle-60x60.jpg 60w, https:\/\/www.auramonaco.de\/wp-content\/uploads\/2022\/09\/Hair-Beard-Serum-Bottle-1536x1536.jpg 1536w, https:\/\/www.auramonaco.de\/wp-content\/uploads\/2022\/09\/Hair-Beard-Serum-Bottle-950x950.jpg 950w, https:\/\/www.auramonaco.de\/wp-content\/uploads\/2022\/09\/Hair-Beard-Serum-Bottle-100x100.jpg 100w, https:\/\/www.auramonaco.de\/wp-content\/uploads\/2022\/09\/Hair-Beard-Serum-Bottle-96x96.jpg 96w, https:\/\/www.auramonaco.de\/wp-content\/uploads\/2022\/09\/Hair-Beard-Serum-Bottle-42x42.jpg 42w, https:\/\/www.auramonaco.de\/wp-content\/uploads\/2022\/09\/Hair-Beard-Serum-Bottle.jpg 2000w\" sizes=\"(max-width: 700px) 100vw, 700px\" \/>            <\/a>\r\n        <\/div>\r\n        \r\n        <div class=\"nm-shop-loop-details\">\r\n            \r\n            <div class=\"nm-shop-loop-title-price\">\r\n            <h3 class=\"woocommerce-loop-product__title\"><a href=\"https:\/\/www.auramonaco.de\/en\/product\/serum-for-beard-hair-growth\/\" class=\"nm-shop-loop-title-link woocommerce-LoopProduct-link\">Serum for beard &amp; hair growth<\/a><\/h3>\r\n\t<span class=\"price\"><span class=\"woocommerce-Price-amount amount\"><bdi>29,00<span class=\"woocommerce-Price-currencySymbol\">\u20ac<\/span><\/bdi><\/span><\/span>\r\n            <\/div>\r\n\r\n            <div class=\"nm-shop-loop-actions\">\r\n            \t\t\t<input type=\"hidden\" class=\"pmwProductId\" data-id=\"363382\">\n\t\t\t\t\t<script>\n\t\t\t(window.pmwDataLayer = window.pmwDataLayer || {}).products                = window.pmwDataLayer.products || {};\n\t\t\twindow.pmwDataLayer.products[363382] = {\"id\":\"363382\",\"sku\":\"1012\",\"price\":34.51,\"brand\":\"\",\"quantity\":1,\"dyn_r_ids\":{\"post_id\":\"363382\",\"sku\":\"1012\",\"gpf\":\"woocommerce_gpf_363382\",\"gla\":\"gla_363382\"},\"is_variable\":false,\"type\":\"simple\",\"name\":\"Serum for beard & hair growth\",\"category\":[\"serums\"],\"is_variation\":false};\n\t\t\t\t\twindow.pmw_product_position = window.pmw_product_position || 1;\n\t\twindow.pmwDataLayer.products[363382]['position'] = window.pmw_product_position++;\n\t\t\t\t<\/script>\n\t\t            <\/div>\r\n        <\/div>\r\n        \r\n            <\/div>\r\n<\/li>\r\n<li class=\"product type-product post-363388 status-publish instock product_cat-serums has-post-thumbnail taxable shipping-taxable purchasable product-type-simple\" data-product-id=\"363388\">\r\n\t<div class=\"nm-shop-loop-product-wrap\">\r\n        \r\n        <div class=\"nm-shop-loop-thumbnail\">\r\n                        \r\n            <a href=\"https:\/\/www.auramonaco.de\/en\/product\/serum-for-scars-pregnancy-stretch-marks-cellulite\/\" class=\"nm-shop-loop-thumbnail-link woocommerce-LoopProduct-link\">\r\n            <img decoding=\"async\" width=\"700\" height=\"700\" src=\"https:\/\/www.auramonaco.de\/wp-content\/uploads\/2022\/10\/Anti-Narben-und-Dehnungsstreifen-Serum-1-700x700.jpg\" class=\"attachment-woocommerce_thumbnail size-woocommerce_thumbnail\" alt=\"Serum for Scars, Stretch Marks, Cellulite | 15ml XL-Bottle\" srcset=\"https:\/\/www.auramonaco.de\/wp-content\/uploads\/2022\/10\/Anti-Narben-und-Dehnungsstreifen-Serum-1-700x700.jpg 700w, https:\/\/www.auramonaco.de\/wp-content\/uploads\/2022\/10\/Anti-Narben-und-Dehnungsstreifen-Serum-1-300x300.jpg 300w, https:\/\/www.auramonaco.de\/wp-content\/uploads\/2022\/10\/Anti-Narben-und-Dehnungsstreifen-Serum-1-750x750.jpg 750w, https:\/\/www.auramonaco.de\/wp-content\/uploads\/2022\/10\/Anti-Narben-und-Dehnungsstreifen-Serum-1-768x768.jpg 768w, https:\/\/www.auramonaco.de\/wp-content\/uploads\/2022\/10\/Anti-Narben-und-Dehnungsstreifen-Serum-1-60x60.jpg 60w, https:\/\/www.auramonaco.de\/wp-content\/uploads\/2022\/10\/Anti-Narben-und-Dehnungsstreifen-Serum-1-1536x1536.jpg 1536w, https:\/\/www.auramonaco.de\/wp-content\/uploads\/2022\/10\/Anti-Narben-und-Dehnungsstreifen-Serum-1-950x950.jpg 950w, https:\/\/www.auramonaco.de\/wp-content\/uploads\/2022\/10\/Anti-Narben-und-Dehnungsstreifen-Serum-1-100x100.jpg 100w, https:\/\/www.auramonaco.de\/wp-content\/uploads\/2022\/10\/Anti-Narben-und-Dehnungsstreifen-Serum-1-96x96.jpg 96w, https:\/\/www.auramonaco.de\/wp-content\/uploads\/2022\/10\/Anti-Narben-und-Dehnungsstreifen-Serum-1-42x42.jpg 42w, https:\/\/www.auramonaco.de\/wp-content\/uploads\/2022\/10\/Anti-Narben-und-Dehnungsstreifen-Serum-1.jpg 2000w\" sizes=\"(max-width: 700px) 100vw, 700px\" \/>            <\/a>\r\n        <\/div>\r\n        \r\n        <div class=\"nm-shop-loop-details\">\r\n            \r\n            <div class=\"nm-shop-loop-title-price\">\r\n            <h3 class=\"woocommerce-loop-product__title\"><a href=\"https:\/\/www.auramonaco.de\/en\/product\/serum-for-scars-pregnancy-stretch-marks-cellulite\/\" class=\"nm-shop-loop-title-link woocommerce-LoopProduct-link\">Serum for Scars, Stretch Marks, Cellulite | 15ml XL-Bottle<\/a><\/h3>\r\n\t<span class=\"price\"><span class=\"woocommerce-Price-amount amount\"><bdi>29,00<span class=\"woocommerce-Price-currencySymbol\">\u20ac<\/span><\/bdi><\/span><\/span>\r\n            <\/div>\r\n\r\n            <div class=\"nm-shop-loop-actions\">\r\n            \t\t\t<input type=\"hidden\" class=\"pmwProductId\" data-id=\"363388\">\n\t\t\t\t\t<script>\n\t\t\t(window.pmwDataLayer = window.pmwDataLayer || {}).products                = window.pmwDataLayer.products || {};\n\t\t\twindow.pmwDataLayer.products[363388] = {\"id\":\"363388\",\"sku\":\"1027\",\"price\":34.51,\"brand\":\"\",\"quantity\":1,\"dyn_r_ids\":{\"post_id\":\"363388\",\"sku\":\"1027\",\"gpf\":\"woocommerce_gpf_363388\",\"gla\":\"gla_363388\"},\"is_variable\":false,\"type\":\"simple\",\"name\":\"Serum for Scars, Stretch Marks, Cellulite | 15ml XL-Bottle\",\"category\":[\"serums\"],\"is_variation\":false};\n\t\t\t\t\twindow.pmw_product_position = window.pmw_product_position || 1;\n\t\twindow.pmwDataLayer.products[363388]['position'] = window.pmw_product_position++;\n\t\t\t\t<\/script>\n\t\t            <\/div>\r\n        <\/div>\r\n        \r\n            <\/div>\r\n<\/li>\r\n<li class=\"product type-product post-363364 status-publish instock product_cat-serums has-post-thumbnail taxable shipping-taxable purchasable product-type-simple\" data-product-id=\"363364\">\r\n\t<div class=\"nm-shop-loop-product-wrap\">\r\n        \r\n        <div class=\"nm-shop-loop-thumbnail\">\r\n                        \r\n            <a href=\"https:\/\/www.auramonaco.de\/en\/product\/serum-for-pigment-spots-ageing-acne-spots-deep-wrinkles\/\" class=\"nm-shop-loop-thumbnail-link woocommerce-LoopProduct-link\">\r\n            <img decoding=\"async\" width=\"700\" height=\"700\" src=\"https:\/\/www.auramonaco.de\/wp-content\/uploads\/2022\/09\/Microneedling-Serum-Pigmentflecken-Altersflecken-Microneedling-Zuhause-Akneflecken-700x700.jpg\" class=\"attachment-woocommerce_thumbnail size-woocommerce_thumbnail\" alt=\"Serum for Pigmentation Spots, Age &amp; Acne Spots, deep Wrinkles | 15ml XL-Bottle\" srcset=\"https:\/\/www.auramonaco.de\/wp-content\/uploads\/2022\/09\/Microneedling-Serum-Pigmentflecken-Altersflecken-Microneedling-Zuhause-Akneflecken-700x700.jpg 700w, https:\/\/www.auramonaco.de\/wp-content\/uploads\/2022\/09\/Microneedling-Serum-Pigmentflecken-Altersflecken-Microneedling-Zuhause-Akneflecken-300x300.jpg 300w, https:\/\/www.auramonaco.de\/wp-content\/uploads\/2022\/09\/Microneedling-Serum-Pigmentflecken-Altersflecken-Microneedling-Zuhause-Akneflecken-750x750.jpg 750w, https:\/\/www.auramonaco.de\/wp-content\/uploads\/2022\/09\/Microneedling-Serum-Pigmentflecken-Altersflecken-Microneedling-Zuhause-Akneflecken-768x768.jpg 768w, https:\/\/www.auramonaco.de\/wp-content\/uploads\/2022\/09\/Microneedling-Serum-Pigmentflecken-Altersflecken-Microneedling-Zuhause-Akneflecken-60x60.jpg 60w, https:\/\/www.auramonaco.de\/wp-content\/uploads\/2022\/09\/Microneedling-Serum-Pigmentflecken-Altersflecken-Microneedling-Zuhause-Akneflecken-1536x1536.jpg 1536w, https:\/\/www.auramonaco.de\/wp-content\/uploads\/2022\/09\/Microneedling-Serum-Pigmentflecken-Altersflecken-Microneedling-Zuhause-Akneflecken-950x950.jpg 950w, https:\/\/www.auramonaco.de\/wp-content\/uploads\/2022\/09\/Microneedling-Serum-Pigmentflecken-Altersflecken-Microneedling-Zuhause-Akneflecken-100x100.jpg 100w, https:\/\/www.auramonaco.de\/wp-content\/uploads\/2022\/09\/Microneedling-Serum-Pigmentflecken-Altersflecken-Microneedling-Zuhause-Akneflecken-96x96.jpg 96w, https:\/\/www.auramonaco.de\/wp-content\/uploads\/2022\/09\/Microneedling-Serum-Pigmentflecken-Altersflecken-Microneedling-Zuhause-Akneflecken-42x42.jpg 42w, https:\/\/www.auramonaco.de\/wp-content\/uploads\/2022\/09\/Microneedling-Serum-Pigmentflecken-Altersflecken-Microneedling-Zuhause-Akneflecken.jpg 2000w\" sizes=\"(max-width: 700px) 100vw, 700px\" \/>            <\/a>\r\n        <\/div>\r\n        \r\n        <div class=\"nm-shop-loop-details\">\r\n            \r\n            <div class=\"nm-shop-loop-title-price\">\r\n            <h3 class=\"woocommerce-loop-product__title\"><a href=\"https:\/\/www.auramonaco.de\/en\/product\/serum-for-pigment-spots-ageing-acne-spots-deep-wrinkles\/\" class=\"nm-shop-loop-title-link woocommerce-LoopProduct-link\">Serum for Pigmentation Spots, Age &amp; Acne Spots, deep Wrinkles | 15ml XL-Bottle<\/a><\/h3>\r\n\t<span class=\"price\"><span class=\"woocommerce-Price-amount amount\"><bdi>29,00<span class=\"woocommerce-Price-currencySymbol\">\u20ac<\/span><\/bdi><\/span><\/span>\r\n            <\/div>\r\n\r\n            <div class=\"nm-shop-loop-actions\">\r\n            \t\t\t<input type=\"hidden\" class=\"pmwProductId\" data-id=\"363364\">\n\t\t\t\t\t<script>\n\t\t\t(window.pmwDataLayer = window.pmwDataLayer || {}).products                = window.pmwDataLayer.products || {};\n\t\t\twindow.pmwDataLayer.products[363364] = {\"id\":\"363364\",\"sku\":\"1011\",\"price\":34.51,\"brand\":\"\",\"quantity\":1,\"dyn_r_ids\":{\"post_id\":\"363364\",\"sku\":\"1011\",\"gpf\":\"woocommerce_gpf_363364\",\"gla\":\"gla_363364\"},\"is_variable\":false,\"type\":\"simple\",\"name\":\"Serum for Pigmentation Spots, Age & Acne Spots, deep Wrinkles | 15ml XL-Bottle\",\"category\":[\"serums\"],\"is_variation\":false};\n\t\t\t\t\twindow.pmw_product_position = window.pmw_product_position || 1;\n\t\twindow.pmwDataLayer.products[363364]['position'] = window.pmw_product_position++;\n\t\t\t\t<\/script>\n\t\t            <\/div>\r\n        <\/div>\r\n        \r\n            <\/div>\r\n<\/li>\r\n<li class=\"product type-product post-424128 status-publish last instock product_cat-serums has-post-thumbnail taxable shipping-taxable purchasable product-type-simple\" data-product-id=\"424128\">\r\n\t<div class=\"nm-shop-loop-product-wrap\">\r\n        \r\n        <div class=\"nm-shop-loop-thumbnail\">\r\n                        \r\n            <a href=\"https:\/\/www.auramonaco.de\/en\/product\/clear-skin\/\" class=\"nm-shop-loop-thumbnail-link woocommerce-LoopProduct-link\">\r\n            <img decoding=\"async\" width=\"700\" height=\"700\" src=\"https:\/\/www.auramonaco.de\/wp-content\/uploads\/2023\/12\/Clear-Skin-Serum-fuer-unreine-Haut-vergroesserte-Poren-Microneedling-Pen-Serum-700x700.jpg\" class=\"attachment-woocommerce_thumbnail size-woocommerce_thumbnail\" alt=\"Clear Skin Serum for Discoloration, Blemishes, enlarged Pores | 15ml XL-Bottle\" srcset=\"https:\/\/www.auramonaco.de\/wp-content\/uploads\/2023\/12\/Clear-Skin-Serum-fuer-unreine-Haut-vergroesserte-Poren-Microneedling-Pen-Serum-700x700.jpg 700w, https:\/\/www.auramonaco.de\/wp-content\/uploads\/2023\/12\/Clear-Skin-Serum-fuer-unreine-Haut-vergroesserte-Poren-Microneedling-Pen-Serum-300x300.jpg 300w, https:\/\/www.auramonaco.de\/wp-content\/uploads\/2023\/12\/Clear-Skin-Serum-fuer-unreine-Haut-vergroesserte-Poren-Microneedling-Pen-Serum-750x750.jpg 750w, https:\/\/www.auramonaco.de\/wp-content\/uploads\/2023\/12\/Clear-Skin-Serum-fuer-unreine-Haut-vergroesserte-Poren-Microneedling-Pen-Serum-768x768.jpg 768w, https:\/\/www.auramonaco.de\/wp-content\/uploads\/2023\/12\/Clear-Skin-Serum-fuer-unreine-Haut-vergroesserte-Poren-Microneedling-Pen-Serum-60x60.jpg 60w, https:\/\/www.auramonaco.de\/wp-content\/uploads\/2023\/12\/Clear-Skin-Serum-fuer-unreine-Haut-vergroesserte-Poren-Microneedling-Pen-Serum-1536x1536.jpg 1536w, https:\/\/www.auramonaco.de\/wp-content\/uploads\/2023\/12\/Clear-Skin-Serum-fuer-unreine-Haut-vergroesserte-Poren-Microneedling-Pen-Serum-950x950.jpg 950w, https:\/\/www.auramonaco.de\/wp-content\/uploads\/2023\/12\/Clear-Skin-Serum-fuer-unreine-Haut-vergroesserte-Poren-Microneedling-Pen-Serum-100x100.jpg 100w, https:\/\/www.auramonaco.de\/wp-content\/uploads\/2023\/12\/Clear-Skin-Serum-fuer-unreine-Haut-vergroesserte-Poren-Microneedling-Pen-Serum-96x96.jpg 96w, https:\/\/www.auramonaco.de\/wp-content\/uploads\/2023\/12\/Clear-Skin-Serum-fuer-unreine-Haut-vergroesserte-Poren-Microneedling-Pen-Serum-42x42.jpg 42w, https:\/\/www.auramonaco.de\/wp-content\/uploads\/2023\/12\/Clear-Skin-Serum-fuer-unreine-Haut-vergroesserte-Poren-Microneedling-Pen-Serum.jpg 2000w\" sizes=\"(max-width: 700px) 100vw, 700px\" \/><img decoding=\"async\" width=\"700\" height=\"700\" src=\"https:\/\/www.auramonaco.de\/wp-content\/uploads\/2023\/12\/Microneedling-Serum-Dermapen-Serum-Clear-Skin-700x700.jpg\" class=\"attachment-woocommerce_thumbnail size-woocommerce_thumbnail nm-shop-hover-image\" alt=\"\" srcset=\"https:\/\/www.auramonaco.de\/wp-content\/uploads\/2023\/12\/Microneedling-Serum-Dermapen-Serum-Clear-Skin-700x700.jpg 700w, https:\/\/www.auramonaco.de\/wp-content\/uploads\/2023\/12\/Microneedling-Serum-Dermapen-Serum-Clear-Skin-300x300.jpg 300w, https:\/\/www.auramonaco.de\/wp-content\/uploads\/2023\/12\/Microneedling-Serum-Dermapen-Serum-Clear-Skin-750x750.jpg 750w, https:\/\/www.auramonaco.de\/wp-content\/uploads\/2023\/12\/Microneedling-Serum-Dermapen-Serum-Clear-Skin-768x768.jpg 768w, https:\/\/www.auramonaco.de\/wp-content\/uploads\/2023\/12\/Microneedling-Serum-Dermapen-Serum-Clear-Skin-60x60.jpg 60w, https:\/\/www.auramonaco.de\/wp-content\/uploads\/2023\/12\/Microneedling-Serum-Dermapen-Serum-Clear-Skin-1536x1536.jpg 1536w, https:\/\/www.auramonaco.de\/wp-content\/uploads\/2023\/12\/Microneedling-Serum-Dermapen-Serum-Clear-Skin-950x950.jpg 950w, https:\/\/www.auramonaco.de\/wp-content\/uploads\/2023\/12\/Microneedling-Serum-Dermapen-Serum-Clear-Skin-100x100.jpg 100w, https:\/\/www.auramonaco.de\/wp-content\/uploads\/2023\/12\/Microneedling-Serum-Dermapen-Serum-Clear-Skin-96x96.jpg 96w, https:\/\/www.auramonaco.de\/wp-content\/uploads\/2023\/12\/Microneedling-Serum-Dermapen-Serum-Clear-Skin-42x42.jpg 42w, https:\/\/www.auramonaco.de\/wp-content\/uploads\/2023\/12\/Microneedling-Serum-Dermapen-Serum-Clear-Skin.jpg 2000w\" sizes=\"(max-width: 700px) 100vw, 700px\" \/>            <\/a>\r\n        <\/div>\r\n        \r\n        <div class=\"nm-shop-loop-details\">\r\n            \r\n            <div class=\"nm-shop-loop-title-price\">\r\n            <h3 class=\"woocommerce-loop-product__title\"><a href=\"https:\/\/www.auramonaco.de\/en\/product\/clear-skin\/\" class=\"nm-shop-loop-title-link woocommerce-LoopProduct-link\">Clear Skin Serum for Discoloration, Blemishes, enlarged Pores | 15ml XL-Bottle<\/a><\/h3>\r\n\t<span class=\"price\"><span class=\"woocommerce-Price-amount amount\"><bdi>29,97<span class=\"woocommerce-Price-currencySymbol\">\u20ac<\/span><\/bdi><\/span><\/span>\r\n            <\/div>\r\n\r\n            <div class=\"nm-shop-loop-actions\">\r\n            \t\t\t<input type=\"hidden\" class=\"pmwProductId\" data-id=\"424128\">\n\t\t\t\t\t<script>\n\t\t\t(window.pmwDataLayer = window.pmwDataLayer || {}).products                = window.pmwDataLayer.products || {};\n\t\t\twindow.pmwDataLayer.products[424128] = {\"id\":\"424128\",\"sku\":\"1112\",\"price\":35.66,\"brand\":\"\",\"quantity\":1,\"dyn_r_ids\":{\"post_id\":\"424128\",\"sku\":\"1112\",\"gpf\":\"woocommerce_gpf_424128\",\"gla\":\"gla_424128\"},\"is_variable\":false,\"type\":\"simple\",\"name\":\"Clear Skin Serum for Discoloration, Blemishes, enlarged Pores | 15ml XL-Bottle\",\"category\":[\"serums\"],\"is_variation\":false};\n\t\t\t\t\twindow.pmw_product_position = window.pmw_product_position || 1;\n\t\twindow.pmwDataLayer.products[424128]['position'] = window.pmw_product_position++;\n\t\t\t\t<\/script>\n\t\t            <\/div>\r\n        <\/div>\r\n        \r\n            <\/div>\r\n<\/li>\r\n<\/ul>\r\n<\/div>[\/vc_column][\/vc_row][vc_row][vc_column][vc_empty_space height=&#8221;20px&#8221;][\/vc_column][\/vc_row]<\/p>\n<\/div>","protected":false},"excerpt":{"rendered":"<p>[vc_btn title=&#8221; <b>GET THIS PRODUCT DELIVERED TO YOUR HOME QUICKLY AND SAVE UP TO 20%!<\/b> &#8221; color=&#8221;green&#8221; size=&#8221;lg&#8221;]<\/p>\n<p>Dermapen 11 pin needle cartridge for precise and easy work with the Needle Pen 7 Pro. 100% original product. Best results guaranteed. <b>Saving Bundle:<\/b> 1 sterile premium needle cartridge for only 3,97\u20ac.<\/p>\n","protected":false},"featured_media":353958,"comment_status":"open","ping_status":"closed","template":"","meta":[],"product_brand":[],"product_cat":[948,949],"product_tag":[],"class_list":{"0":"post-363352","1":"product","2":"type-product","3":"status-publish","4":"has-post-thumbnail","6":"product_cat-dermapen-replacement-needles","7":"product_cat-replacement-needles-for-needle-pen-7-pro","9":"first","10":"instock","11":"taxable","12":"shipping-taxable","13":"purchasable","14":"product-type-simple"},"_links":{"self":[{"href":"https:\/\/www.auramonaco.de\/en\/wp-json\/wp\/v2\/product\/363352","targetHints":{"allow":["GET"]}}],"collection":[{"href":"https:\/\/www.auramonaco.de\/en\/wp-json\/wp\/v2\/product"}],"about":[{"href":"https:\/\/www.auramonaco.de\/en\/wp-json\/wp\/v2\/types\/product"}],"replies":[{"embeddable":true,"href":"https:\/\/www.auramonaco.de\/en\/wp-json\/wp\/v2\/comments?post=363352"}],"wp:featuredmedia":[{"embeddable":true,"href":"https:\/\/www.auramonaco.de\/en\/wp-json\/wp\/v2\/media\/353958"}],"wp:attachment":[{"href":"https:\/\/www.auramonaco.de\/en\/wp-json\/wp\/v2\/media?parent=363352"}],"wp:term":[{"taxonomy":"product_brand","embeddable":true,"href":"https:\/\/www.auramonaco.de\/en\/wp-json\/wp\/v2\/product_brand?post=363352"},{"taxonomy":"product_cat","embeddable":true,"href":"https:\/\/www.auramonaco.de\/en\/wp-json\/wp\/v2\/product_cat?post=363352"},{"taxonomy":"product_tag","embeddable":true,"href":"https:\/\/www.auramonaco.de\/en\/wp-json\/wp\/v2\/product_tag?post=363352"}],"curies":[{"name":"wp","href":"https:\/\/api.w.org\/{rel}","templated":true}]}}