{"id":363263,"date":"2022-04-08T10:12:03","date_gmt":"2022-04-08T08:12:03","guid":{"rendered":"https:\/\/www.auramonaco.de\/product\/new-eyelash-glue-magic-bond\/"},"modified":"2026-04-28T12:45:13","modified_gmt":"2026-04-28T10:45:13","slug":"eyelash-glue-magic-bond","status":"publish","type":"product","link":"https:\/\/www.auramonaco.de\/en\/product\/eyelash-glue-magic-bond\/","title":{"rendered":"Lash Glue Magic Bond"},"content":{"rendered":"<div class=\"wpb-content-wrapper\"><p>[vc_row type=&#8221;boxed&#8221;][vc_column width=&#8221;1\/6&#8243; offset=&#8221;vc_col-lg-1\/5 vc_col-xs-2 vc_hidden-xs&#8221;][\/vc_column][vc_column width=&#8221;1\/6&#8243; offset=&#8221;vc_col-lg-offset-0 vc_col-xs-3&#8243;][vc_single_image image=&#8221;353708&#8243;][\/vc_column][vc_column width=&#8221;1\/6&#8243; offset=&#8221;vc_col-xs-3&#8243;][vc_single_image image=&#8221;353703&#8243;][\/vc_column][vc_column width=&#8221;1\/6&#8243; offset=&#8221;vc_col-xs-3&#8243;][vc_single_image image=&#8221;353715&#8243;][\/vc_column][vc_column width=&#8221;1\/6&#8243; offset=&#8221;vc_col-lg-offset-0 vc_col-xs-3&#8243;][vc_single_image image=&#8221;353706&#8243;][\/vc_column][vc_column width=&#8221;1\/6&#8243; offset=&#8221;vc_col-lg-1\/5 vc_col-xs-2 vc_hidden-xs&#8221;][\/vc_column][\/vc_row][vc_row][vc_column offset=&#8221;vc_hidden-xs&#8221;][vc_empty_space][\/vc_column][\/vc_row][vc_row type=&#8221;boxed&#8221;][vc_column offset=&#8221;vc_col-lg-offset-1 vc_col-lg-10&#8243;][vc_tta_accordion title_tag=&#8221;p&#8221; section_title_tag=&#8221;p&#8221; shape=&#8221;square&#8221; color=&#8221;white&#8221; active_section=&#8221;999999999999&#8243; no_fill=&#8221;true&#8221; collapsible_all=&#8221;true&#8221;][vc_tta_section title=&#8221;PRODUCT INFO&#8221; tab_id=&#8221;1664987938376-3e895acf-516b&#8221;][vc_column_text]The best lash glue we have ever had. Only for absolute <strong>full professionals<\/strong>. Lasts up to 10 weeks with very low fumes at the same time.<\/p>\n<p>&#8211; 5ml lash glue<br \/>\n&#8211; for 1 to 1, volume &amp; mega volume<br \/>\n&#8211; 0.5(!) seconds drying time<br \/>\n&#8211; slightly more fluid consistency than Hyper Magnetic<br \/>\n&#8211; lasts until the failure of the natural lash<br \/>\n&#8211; produces hardly any fumes<br \/>\n&#8211; extremely deep black<br \/>\n&#8211; our latest glues<br \/>\n&#8211; 1A glue dots, no pulling threads<br \/>\n&#8211; incl. Silica gel and pouch<br \/>\n&#8211; no crawling up the fan<br \/>\n&#8211; for any temperature &amp; humidity<br \/>\n&#8211; Shelf life 3 months from opening[\/vc_column_text][\/vc_tta_section][vc_tta_section title=&#8221;INSTRUCTIONS&#8221; tab_id=&#8221;1663241547027-623b8e25-4681&#8243;][vc_column_text css=&#8221;.vc_custom_1666192144626{border-radius: 25px !important;}&#8221;]1. pierce the neck of the bottle before first use.<br \/>\n2. Take a lash glue cleaning cloth &amp; press it firmly on the neck of the bottle, shake for 30 seconds.<br \/>\n3. Apply very light pressure to the bottle with your finger and place a small dot of glue on a suitable surface. A jade stone or crystal glass base is best, as these bases keep the glue cool.<br \/>\n4. remove lashes from the lash strip and dip into the center of the drop. Do NOT strip off glue.<br \/>\n5. apply lash on the natural lash.<\/p>\n<p><b>Important: <\/b>Especially for our fast lash glue you need to be skilled and work quickly. A drying time of, for example, 0.5 seconds means that you only have 0.5 seconds to apply the artificial lash after the first contact with the natural lash.<\/p>\n<p><span style=\"color: #fc85a9;\"><strong>Drying time too slow:<\/strong><\/span><br \/>\n&#8211; you have applied the lash fast enough, but you still have to leave the lashes separated longer each time so they don&#8217;t stick together<br \/>\n&#8211; the individual lashes stick together, because you already want to continue with the next lash, although the glue has not yet dried on the previously applied lash.<\/p>\n<p><span style=\"color: #fc85a9;\"><strong>Too fast drying time:<\/strong><\/span><br \/>\n&#8211; The lash already sticks quite tightly to the natural lash, but actually you still want to reposition it, which is difficult to do<br \/>\n&#8211; The artificial lash can not be attached to the natural lash<\/p>\n<p>If this is the case, the eyelash glue has already dried before you have applied the eyelash completely and correctly. Your working speed is still too slow. You should choose a slower lash glue.<\/p>\n<p><span style=\"color: #fc85a9;\"><strong>How else can I tell that my lash glue is too fast for me?<\/strong><\/span><br \/>\nIf your customer&#8217;s artificial lashes fall out right after the treatment when brushing through them<br \/>\nIf your client has already lost most of her lashes after a few days.<\/p>\n<p>Both are clear signs that the lash glue is drying faster than you are working. You apply the lashes, but the glue has already dried and can therefore not develop its full effect.<\/p>\n<p><span style=\"color: #fc85a9;\"><strong>Notice:<\/strong><\/span> There is no shame in starting with a slower glue first and then working your way up. On the contrary, you will achieve much more durable and better results, even at the beginning.[\/vc_column_text][\/vc_tta_section][vc_tta_section title=&#8221;REVIEWS&#8221; tab_id=&#8221;1665779341413-9f6fc378-e7ac&#8221;]<div class=\"nm-product-reviews layout-default\"><ul class=\"nm-product-reviews-ul xsmall-block-grid-1 small-block-grid-1 medium-block-grid-2 large-block-grid-4\"><li class=\"nm-product-review nm-product-363263-review\"><div class=\"nm-product-review-inner\"><div class=\"nm-product-review-star-rating\"><div class=\"star-rating\" role=\"img\" aria-label=\"Rated 5 out of 5\"><span style=\"width:100%\">Rated <strong class=\"rating\">5<\/strong> out of 5<\/span><\/div><\/div><div class=\"nm-product-review-description\">Ich habe das Gef\u00fchl, die Aura Kleber werden immer noch besser - den Magic Bond zu toppen wird allerdings schwer! F\u00fcr mich bis heute der allerbeste Lash glue<\/div><div class=\"nm-product-review-author\"><img alt='' src='https:\/\/secure.gravatar.com\/avatar\/0aa4113e910695dad6184228265620bc89a6d7985c34dd3bba543e7830c11ed7?s=60&#038;d=blank&#038;r=g' srcset='https:\/\/secure.gravatar.com\/avatar\/0aa4113e910695dad6184228265620bc89a6d7985c34dd3bba543e7830c11ed7?s=120&#038;d=blank&#038;r=g 2x' class='avatar avatar-60 photo' height='60' width='60' \/><span>Tatjana N.<\/span><em>8. June 2022<\/em><\/div><\/div><\/li><li class=\"nm-product-review nm-product-363263-review\"><div class=\"nm-product-review-inner\"><div class=\"nm-product-review-star-rating\"><div class=\"star-rating\" role=\"img\" aria-label=\"Rated 5 out of 5\"><span style=\"width:100%\">Rated <strong class=\"rating\">5<\/strong> out of 5<\/span><\/div><\/div><div class=\"nm-product-review-description\">Ja, der Kleber ist super, aber k\u00f6nnen wir bitte mal \u00fcber die sch\u00f6ne Verpackung sprechen? Ich liebe das neue Design! Wurde auch wie immer super Flott geliefert. Tolles Gesamtpacket<\/div><div class=\"nm-product-review-author\"><img alt='' src='https:\/\/secure.gravatar.com\/avatar\/0aa4113e910695dad6184228265620bc89a6d7985c34dd3bba543e7830c11ed7?s=60&#038;d=blank&#038;r=g' srcset='https:\/\/secure.gravatar.com\/avatar\/0aa4113e910695dad6184228265620bc89a6d7985c34dd3bba543e7830c11ed7?s=120&#038;d=blank&#038;r=g 2x' class='avatar avatar-60 photo' height='60' width='60' \/><span>Ramona<\/span><em>1. June 2022<\/em><\/div><\/div><\/li><li class=\"nm-product-review nm-product-363263-review\"><div class=\"nm-product-review-inner\"><div class=\"nm-product-review-star-rating\"><div class=\"star-rating\" role=\"img\" aria-label=\"Rated 5 out of 5\"><span style=\"width:100%\">Rated <strong class=\"rating\">5<\/strong> out of 5<\/span><\/div><\/div><div class=\"nm-product-review-description\">ich habe den Magic Bond auf die Empfehlung einer Kollegin hin gekauft und bin total positiv \u00fcberrascht. \r\nEr hat eine tolle Konsistenz, trocknet z\u00fcgig und h\u00e4lt sch\u00f6n fest, hat dabei aber kaum D\u00e4mpfe. \r\nIch hab ihn k\u00fcrzlich an einer etwas empfindlicheren Kundin ausprobiert und es hat alles sproblemlos geklappt. \r\nAls n\u00e4chstes probiere ich auf jeden Fall noch den Hyper Magnetic aus, ich bin gespannt, ob es da nochmal einen gro\u00dfen Unterschied gibt.<\/div><div class=\"nm-product-review-author\"><img alt='' src='https:\/\/secure.gravatar.com\/avatar\/0aa4113e910695dad6184228265620bc89a6d7985c34dd3bba543e7830c11ed7?s=60&#038;d=blank&#038;r=g' srcset='https:\/\/secure.gravatar.com\/avatar\/0aa4113e910695dad6184228265620bc89a6d7985c34dd3bba543e7830c11ed7?s=120&#038;d=blank&#038;r=g 2x' class='avatar avatar-60 photo' height='60' width='60' \/><span>C\u00e9line Pesch<\/span><em>30. May 2022<\/em><\/div><\/div><\/li><li class=\"nm-product-review nm-product-363263-review\"><div class=\"nm-product-review-inner\"><div class=\"nm-product-review-star-rating\"><div class=\"star-rating\" role=\"img\" aria-label=\"Rated 5 out of 5\"><span style=\"width:100%\">Rated <strong class=\"rating\">5<\/strong> out of 5<\/span><\/div><\/div><div class=\"nm-product-review-description\">Ein hammer Kleber! Der beste den ich bis jetzt verwendet habe!<\/div><div class=\"nm-product-review-author\"><img alt='' src='https:\/\/secure.gravatar.com\/avatar\/0aa4113e910695dad6184228265620bc89a6d7985c34dd3bba543e7830c11ed7?s=60&#038;d=blank&#038;r=g' srcset='https:\/\/secure.gravatar.com\/avatar\/0aa4113e910695dad6184228265620bc89a6d7985c34dd3bba543e7830c11ed7?s=120&#038;d=blank&#038;r=g 2x' class='avatar avatar-60 photo' height='60' width='60' \/><span>Anthony<\/span><em>25. May 2022<\/em><\/div><\/div><\/li><li class=\"nm-product-review nm-product-363263-review\"><div class=\"nm-product-review-inner\"><div class=\"nm-product-review-star-rating\"><div class=\"star-rating\" role=\"img\" aria-label=\"Rated 4 out of 5\"><span style=\"width:80%\">Rated <strong class=\"rating\">4<\/strong> out of 5<\/span><\/div><\/div><div class=\"nm-product-review-description\">An der Wirkung des Wimpernklebers gibt es absolut nichts auszusetzen. Die Wimpernapplikation klappt schnell und sauber und er h\u00e4lt hervorragend gut! Leider ist mir der Preis ein bisschen zu hoch, weshalb ich wahrscheinlich beim Superstar bleibe.<\/div><div class=\"nm-product-review-author\"><img alt='' src='https:\/\/secure.gravatar.com\/avatar\/0aa4113e910695dad6184228265620bc89a6d7985c34dd3bba543e7830c11ed7?s=60&#038;d=blank&#038;r=g' srcset='https:\/\/secure.gravatar.com\/avatar\/0aa4113e910695dad6184228265620bc89a6d7985c34dd3bba543e7830c11ed7?s=120&#038;d=blank&#038;r=g 2x' class='avatar avatar-60 photo' height='60' width='60' \/><span>Hannah-A. Eckert<\/span><em>25. May 2022<\/em><\/div><\/div><\/li><li class=\"nm-product-review nm-product-363263-review\"><div class=\"nm-product-review-inner\"><div class=\"nm-product-review-star-rating\"><div class=\"star-rating\" role=\"img\" aria-label=\"Rated 5 out of 5\"><span style=\"width:100%\">Rated <strong class=\"rating\">5<\/strong> out of 5<\/span><\/div><\/div><div class=\"nm-product-review-description\">Der Kleber h\u00e4lt unglaublich gut, ich will schon gar keinen anderen mehr benutzen!<\/div><div class=\"nm-product-review-author\"><img alt='' src='https:\/\/secure.gravatar.com\/avatar\/0aa4113e910695dad6184228265620bc89a6d7985c34dd3bba543e7830c11ed7?s=60&#038;d=blank&#038;r=g' srcset='https:\/\/secure.gravatar.com\/avatar\/0aa4113e910695dad6184228265620bc89a6d7985c34dd3bba543e7830c11ed7?s=120&#038;d=blank&#038;r=g 2x' class='avatar avatar-60 photo' height='60' width='60' \/><span>Johanna Gessler<\/span><em>17. May 2022<\/em><\/div><\/div><\/li><li class=\"nm-product-review nm-product-363263-review\"><div class=\"nm-product-review-inner\"><div class=\"nm-product-review-star-rating\"><div class=\"star-rating\" role=\"img\" aria-label=\"Rated 5 out of 5\"><span style=\"width:100%\">Rated <strong class=\"rating\">5<\/strong> out of 5<\/span><\/div><\/div><div class=\"nm-product-review-description\">Ich bin total begeistert von den Magic Bond und Hyper Magnetic Klebern! Beide halten unglaublich gut und sind super zu verarbeiten! Ich pers\u00f6nlich mag die Konsistenz des Magic Bond Klebers noch ein bisschen lieber, aber das ist nat\u00fcrlich nur eine pers\u00f6nliche Pr\u00e4ferenz. Wirklich top, hab sie direkt weiterempfohlen!<\/div><div class=\"nm-product-review-author\"><img alt='' src='https:\/\/secure.gravatar.com\/avatar\/0aa4113e910695dad6184228265620bc89a6d7985c34dd3bba543e7830c11ed7?s=60&#038;d=blank&#038;r=g' srcset='https:\/\/secure.gravatar.com\/avatar\/0aa4113e910695dad6184228265620bc89a6d7985c34dd3bba543e7830c11ed7?s=120&#038;d=blank&#038;r=g 2x' class='avatar avatar-60 photo' height='60' width='60' \/><span>Michele F.<\/span><em>8. May 2022<\/em><\/div><\/div><\/li><li class=\"nm-product-review nm-product-363263-review\"><div class=\"nm-product-review-inner\"><div class=\"nm-product-review-star-rating\"><div class=\"star-rating\" role=\"img\" aria-label=\"Rated 5 out of 5\"><span style=\"width:100%\">Rated <strong class=\"rating\">5<\/strong> out of 5<\/span><\/div><\/div><div class=\"nm-product-review-description\">Klebt mega gut!! W\u00fcrde ich jedoch nur empfehlen, wenn man schon etwas Erfahrung hat, da er auch sehr schnell trocknet<\/div><div class=\"nm-product-review-author\"><img src='https:\/\/secure.gravatar.com\/avatar\/cb2bd8d8221652a2e3e2841db3d1fab472d00caec72ccb1dec0132a8af232375?s=250&#038;d=blank&#038;r=g' srcset='https:\/\/secure.gravatar.com\/avatar\/cb2bd8d8221652a2e3e2841db3d1fab472d00caec72ccb1dec0132a8af232375?s=250&#038;d=blank&#038;r=g 2x' class='avatar avatar-60 photo' height='60' width='60' decoding='async'\/><span>Maryama Jaiteh<\/span><em>3. May 2022<\/em><\/div><\/div><\/li><li class=\"nm-product-review nm-product-363263-review\"><div class=\"nm-product-review-inner\"><div class=\"nm-product-review-star-rating\"><div class=\"star-rating\" role=\"img\" aria-label=\"Rated 3 out of 5\"><span style=\"width:60%\">Rated <strong class=\"rating\">3<\/strong> out of 5<\/span><\/div><\/div><div class=\"nm-product-review-description\">Der Kleber trocknet sehr sehr schnell, bin deshalb leider nicht damit zurecht gekommen.<\/div><div class=\"nm-product-review-author\"><img alt='' src='https:\/\/secure.gravatar.com\/avatar\/0aa4113e910695dad6184228265620bc89a6d7985c34dd3bba543e7830c11ed7?s=60&#038;d=blank&#038;r=g' srcset='https:\/\/secure.gravatar.com\/avatar\/0aa4113e910695dad6184228265620bc89a6d7985c34dd3bba543e7830c11ed7?s=120&#038;d=blank&#038;r=g 2x' class='avatar avatar-60 photo' height='60' width='60' \/><span>Karen<\/span><em>30. April 2022<\/em><\/div><\/div><\/li><li class=\"nm-product-review nm-product-363263-review\"><div class=\"nm-product-review-inner\"><div class=\"nm-product-review-star-rating\"><div class=\"star-rating\" role=\"img\" aria-label=\"Rated 5 out of 5\"><span style=\"width:100%\">Rated <strong class=\"rating\">5<\/strong> out of 5<\/span><\/div><\/div><div class=\"nm-product-review-description\">Meiner Meinung nach ist der Magic Bond bis jetzt einer der besten Kleber \u00fcberhaupt, ich w\u00fcrde ihn allerdings tats\u00e4chlich nur Fortgeschrittenen oder Profis empfehlen! Er trocknet sehr sehr schnell und h\u00e4lt bombenfest - nicht unbedingt f\u00fcr Anf\u00e4nger geeignet, f\u00fcr Profis daf\u00fcr umso sch\u00f6ner \ud83d\ude09<\/div><div class=\"nm-product-review-author\"><img alt='' src='https:\/\/secure.gravatar.com\/avatar\/0aa4113e910695dad6184228265620bc89a6d7985c34dd3bba543e7830c11ed7?s=60&#038;d=blank&#038;r=g' srcset='https:\/\/secure.gravatar.com\/avatar\/0aa4113e910695dad6184228265620bc89a6d7985c34dd3bba543e7830c11ed7?s=120&#038;d=blank&#038;r=g 2x' class='avatar avatar-60 photo' height='60' width='60' \/><span>Karina<\/span><em>29. April 2022<\/em><\/div><\/div><\/li><li class=\"nm-product-review nm-product-363263-review\"><div class=\"nm-product-review-inner\"><div class=\"nm-product-review-star-rating\"><div class=\"star-rating\" role=\"img\" aria-label=\"Rated 5 out of 5\"><span style=\"width:100%\">Rated <strong class=\"rating\">5<\/strong> out of 5<\/span><\/div><\/div><div class=\"nm-product-review-description\">Ich hab endlich den perfekten Kleber gefunden!<\/div><div class=\"nm-product-review-author\"><img alt='' src='https:\/\/secure.gravatar.com\/avatar\/0aa4113e910695dad6184228265620bc89a6d7985c34dd3bba543e7830c11ed7?s=60&#038;d=blank&#038;r=g' srcset='https:\/\/secure.gravatar.com\/avatar\/0aa4113e910695dad6184228265620bc89a6d7985c34dd3bba543e7830c11ed7?s=120&#038;d=blank&#038;r=g 2x' class='avatar avatar-60 photo' height='60' width='60' \/><span>Josephina Treu<\/span><em>15. April 2022<\/em><\/div><\/div><\/li><\/ul><\/div>[\/vc_tta_section][vc_tta_section title=&#8221;INGREDIENTS&#8221; tab_id=&#8221;1666191906957-9bd77a87-e48b&#8221;][vc_column_text css=&#8221;.vc_custom_1666192330112{border-radius: 25px !important;}&#8221;]<strong>The Superstar, Champion V2, Power Plus V2, Sensitive V2, Perform V2, Unique Power V2:<\/strong><br \/>\nETHYL 2-CYANOACRYLATE, POLYISOCYANATE, POLYMETHYL METHACRYLATE, N-METHYL-2-PYRROLIDONE, CARBON BLACK.<\/p>\n<p><strong>Magic Bond:<\/strong> ETHYL-2-CYANOACRYLATE, ALKOXY-2-CYANOACRYLATE, POLYMETHYL METHACRYLATE, CARBON BLACK.<\/p>\n<p><strong>Hyper Magnetic:<\/strong> ETHYL-2-CYANOACRYLATE, POLY ISOCYANATE, POLYMETHYL METHACRYLATE, N-METHYL PYRROLIDONE, CARBON BLACK.[\/vc_column_text][\/vc_tta_section][vc_tta_section title=&#8221;SAFETY INSTRUCTIONS&#8221; tab_id=&#8221;1665828326878-fb41b0d0-ea8c&#8221;][vc_column_text]<strong>LASH GLUE FOR PROFESSIONAL LASH EXTENSION.<\/strong> NOT FOR PRIVATE USE. NOT SUITABLE FOR OPEN EYE APPLICATION.<br \/>\nMAY IRRITATE THE RESPIRATORY TRACT. CYANOACRYLATE. DANGER! READ LABEL BEFORE USE. GLUES SKIN AND EYELIDS TOGETHER WITHIN SECONDS. MAY IRRITATE THE RESPIRATORY TRACT. MUST NOT GET INTO THE HANDS OF CHILDREN. IN CASE OF CONTACT WITH EYES: RINSE GENTLY WITH WATER FOR SEVERAL MINUTES. REMOVE EXISTING CONTACT LENSES IF POSSIBLE. CONTINUE FLUSHING. SEEK MEDICAL ADVICE, KEEP PACKAGE WITH LABEL AT HAND. USE ONLY OUTDOORS OR IN WELL VENTILATED AREAS. KEEP UNDER LOCK AND KEY. DISPOSE OF CONTENTS \/ CONTAINER TO A RECOGNIZED WASTE DISPOSAL COMPANY. USE UP WITHIN 2 MONTHS. BEFORE USE: COVER THE OPENING AND SHAKE WELL. FOR PROFESSIONAL USE ONLY.[\/vc_column_text][\/vc_tta_section][vc_tta_section title=&#8221;GLUES FOR VOLUME TECHNIQUE&#8221; tab_id=&#8221;1666192747189-8509bc16-449e&#8221;][vc_column_text]The following glues are perfect for the volume technique:<\/p>\n<p><b><a href=\"https:\/\/www.auramonaco.de\/en\/produkt\/lash-glue-hyper-magnetic\/\"> Hyper Magnetic<\/a><\/b> &#8211; extremely fast (0.3 &#8211; 0.5 sec.)<br \/>\n<b><a href=\"https:\/\/www.auramonaco.de\/en\/produkt\/eyelash-glue-magic-bond\/\"> Magic Bond<\/a><\/b> &#8211; extremely fast (0.5 sec.)<br \/>\n<b><a href=\"https:\/\/www.auramonaco.de\/en\/produkt\/eyelash-glue-the-superstar\/\"> The Superstar<\/a><\/b> &#8211; Very fast (0.5 &#8211; 1 sec.)<br \/>\n<b><a href=\"https:\/\/www.auramonaco.de\/en\/produkt\/eyelash-glue-champion-v2\/\"> Champion V2<\/a><\/b> &#8211; fast (1 &#8211; 2 sec.)[\/vc_column_text][\/vc_tta_section][vc_tta_section title=&#8221;GLUES FOR THE 1:1 TECHNIQUE&#8221; tab_id=&#8221;1666192746888-ab90bd8c-a7f3&#8243;][vc_column_text]<b><span style=\"color: #fc85a9;\">All our glues<\/span><\/b> are perfect for the 1:1 technique. You just need to choose a glue that has the right speed for you. You can find more information about this in the next menu item.[\/vc_column_text][\/vc_tta_section][vc_tta_section title=&#8221;LASH GLUE OVERVIEW&#8221; tab_id=&#8221;1666192746466-d247b928-f05e&#8221;][vc_column_text]Which lash glue you need depends on how fast you already work.<\/p>\n<p>Top professional:<br \/>\n<b><a href=\"https:\/\/www.auramonaco.de\/en\/produkt\/lash-glue-hyper-magnetic\/\">Hyper Magnetic<\/a><\/b><br \/>\n<b><a href=\"https:\/\/www.auramonaco.de\/en\/produkt\/eyelash-glue-magic-bond\/\">Magic Bond<\/a><\/b><br \/>\n<b><a href=\"https:\/\/www.auramonaco.de\/en\/produkt\/eyelash-glue-the-superstar\/\">The Superstar<\/a><\/b><\/p>\n<p>Pro:<br \/>\n<b><a href=\"https:\/\/www.auramonaco.de\/en\/produkt\/eyelash-glue-champion-v2\/\">Champion<\/a><\/b><br \/>\n<b><a href=\"https:\/\/www.auramonaco.de\/en\/produkt\/eyelash-glue-power-plus-v2\/\">Power Plus V2<\/a><\/b><\/p>\n<p>Advanced:<br \/>\n<b><a href=\"https:\/\/www.auramonaco.de\/en\/produkt\/eyelash-glue-unique-power-v2\/\">Unique Power V2<\/a><\/b><\/p>\n<p>Beginners:<br \/>\n<b><a href=\"https:\/\/www.auramonaco.de\/en\/produkt\/eyelash-glue-perform-v2\/\">Perform V2<\/a><\/b><\/p>\n<p>each level:<br \/>\n<b><a href=\"https:\/\/www.auramonaco.de\/en\/produkt\/eyelash-glue-sensitive-v2\/\">Sensitive V2<\/a><\/b>[\/vc_column_text][\/vc_tta_section][vc_tta_section title=&#8221;HOW TO STORE?&#8221; tab_id=&#8221;1666192745992-180a2c28-8658&#8243;][vc_column_text]You should store your glue as follows:<\/p>\n<p>&#8211; in the supplied pouch<br \/>\n&#8211; tightly closed<br \/>\n&#8211; Upright<br \/>\n&#8211; cool, protected from light, dry<br \/>\n&#8211; only in case of emergency in the refrigerator<br \/>\n&#8211; Close immediately after use[\/vc_column_text][\/vc_tta_section][vc_tta_section title=&#8221;IMPORTANT TIPS&#8221; tab_id=&#8221;1666192745348-3b62e25f-08db&#8221;][vc_column_text]- Do not shake with the lid closed. Take a cotton pad and press it on the neck of the bottle. Only then shake.<br \/>\n&#8211; Immediately clean the neck of the bottle each time after a drop of glue. No glue residue should be visible.<br \/>\n&#8211; Press the bottle very careful to form a new drop of glue.<br \/>\n&#8211; Allow the glue drop to &#8220;sit&#8221; for 5 minutes before starting the application.[\/vc_column_text][\/vc_tta_section][vc_tta_section title=&#8221;TEMPERATURE &amp; HUMIDITY&#8221; tab_id=&#8221;1666192837373-8d0c8c9d-59af&#8221;][vc_column_text]Our glues work best under the following conditions:<\/p>\n<p><b><span style=\"color: #fc85a9;\">Humidity:<\/span><\/b> 30% to 85%<br \/>\n<b><span style=\"color: #fc85a9;\">Room temperature:<\/span><\/b> 19\u00b0C to 27\u00b0C<\/p>\n<p>You have different conditions? Even then, you can work very well with our glues. However, there may be minor restrictions, for example, you may have to renew the glue drop earlier.<\/p>\n<p>As a general rule, do not let these values unsettle you too much. One&#8217;s own feeling and working style usually play a much bigger role.[\/vc_column_text][\/vc_tta_section][vc_tta_section title=&#8221;REDUCE FUMES&#8221; tab_id=&#8221;1666192860617-2e133351-8146&#8243;][vc_column_text]While you&#8217;re working with an lash glue, smell the fumes. Your customers do this too. This is completely normal.<br \/>\nTo make the treatment as comfortable as possible, you can take the following measures:<\/p>\n<p><b><span style=\"color: #fc85a9;\">Wear a mask<\/span><\/b><br \/>\nUse an AURA Monaco activated carbon filter mask to reduce the impact of fumes. If necessary, you can also put this mask on your customers.<\/p>\n<p><b><span style=\"color: #fc85a9;\">Blow, blow, blow!<\/span><\/b><br \/>\nYou should blow on the glue spots with a puster as often as possible or use a mini ventilator for this purpose. This reduces the fumes in the close environment and also ensures better through-drying of the lash glue.<\/p>\n<p><b><span style=\"color: #fc85a9;\">Sufficient ventilation<\/span><\/b><br \/>\nYou should only ever work with lash glues in well-ventilated rooms. So it is best to put a window on tilt. Small rooms are rather unsuitable for lash gluing. In very warm months, a window or the front door of your salon should be open as permanently as possible.[\/vc_column_text][\/vc_tta_section][\/vc_tta_accordion][vc_empty_space height=&#8221;20px&#8221;][\/vc_column][\/vc_row][vc_row type=&#8221;boxed&#8221;][vc_column width=&#8221;1\/6&#8243; offset=&#8221;vc_col-lg-1\/5 vc_col-xs-2 vc_hidden-xs&#8221;][\/vc_column][vc_column width=&#8221;1\/6&#8243; offset=&#8221;vc_col-lg-offset-0 vc_col-xs-3&#8243;][vc_single_image image=&#8221;353716&#8243; onclick=&#8221;custom_link&#8221; img_link_target=&#8221;_blank&#8221; link=&#8221;https:\/\/wa.me\/4915792300073&#8243;][\/vc_column][vc_column width=&#8221;1\/6&#8243; offset=&#8221;vc_col-xs-3&#8243;][vc_single_image image=&#8221;353719&#8243; onclick=&#8221;custom_link&#8221; link=&#8221;https:\/\/www.auramonaco.de\/en\/354356-2\/&#8221;][\/vc_column][vc_column width=&#8221;1\/6&#8243; offset=&#8221;vc_col-xs-3&#8243;][vc_single_image image=&#8221;353718&#8243; onclick=&#8221;custom_link&#8221; link=&#8221;tel:+494030094000&#8243;][\/vc_column][vc_column width=&#8221;1\/6&#8243; offset=&#8221;vc_col-lg-offset-0 vc_col-xs-3&#8243;][vc_single_image image=&#8221;353717&#8243; onclick=&#8221;custom_link&#8221; link=&#8221;https:\/\/www.auramonaco.de\/en\/354277-2\/&#8221;][\/vc_column][vc_column width=&#8221;1\/6&#8243; offset=&#8221;vc_col-lg-1\/5 vc_col-xs-2 vc_hidden-xs&#8221;][\/vc_column][\/vc_row][vc_row][vc_column offset=&#8221;vc_col-lg-offset-1 vc_col-lg-10&#8243;][vc_empty_space][vc_column_text]<\/p>\n<h3>RECOMMENDATIONS<\/h3>\n<p>[\/vc_column_text][vc_empty_space][\/vc_column][\/vc_row][vc_row][vc_column]<div class=\"woocommerce columns-4 \"><\/div>[\/vc_column][\/vc_row]<\/p>\n<\/div>","protected":false},"excerpt":{"rendered":"<p>[vc_btn title=&#8221;<b>GET THIS PRODUCT DELIVERED TO YOUR HOME AS A SAVINGS SUBSCRIPTION AND SAVE UP TO 20%!<\/b>&#8221; color=&#8221;green&#8221; size=&#8221;lg&#8221;]<\/p>\n<p><img decoding=\"async\" class=\"alignnone wp-image-2084\" src=\"https:\/\/www.auramonaco.de\/wp-content\/uploads\/2022\/10\/cruelty-free1-e1666168349232.png\" alt=\"\" width=\"50\" \/> <img decoding=\"async\" class=\"alignnone wp-image-2084\" src=\"https:\/\/www.auramonaco.de\/wp-content\/uploads\/2022\/10\/5ml-e1666167892817.png\" alt=\"\" width=\"50\" \/> <img decoding=\"async\" src=\"https:\/\/www.auramonaco.de\/wp-content\/uploads\/2022\/10\/Volume1zu1-e1666167792899.png\" alt=\"\" width=\"50\" \/> <img decoding=\"async\" src=\"https:\/\/www.auramonaco.de\/wp-content\/uploads\/2022\/10\/Finest-Quality-Icon-e1666168261619.png\" alt=\"\" width=\"50\" \/><\/p>\n","protected":false},"featured_media":353462,"comment_status":"open","ping_status":"closed","template":"","meta":[],"product_brand":[],"product_cat":[930],"product_tag":[],"class_list":{"0":"post-363263","1":"product","2":"type-product","3":"status-publish","4":"has-post-thumbnail","6":"product_cat-eyelash-glue","8":"first","9":"instock","10":"taxable","11":"shipping-taxable","12":"purchasable","13":"product-type-simple"},"_links":{"self":[{"href":"https:\/\/www.auramonaco.de\/en\/wp-json\/wp\/v2\/product\/363263","targetHints":{"allow":["GET"]}}],"collection":[{"href":"https:\/\/www.auramonaco.de\/en\/wp-json\/wp\/v2\/product"}],"about":[{"href":"https:\/\/www.auramonaco.de\/en\/wp-json\/wp\/v2\/types\/product"}],"replies":[{"embeddable":true,"href":"https:\/\/www.auramonaco.de\/en\/wp-json\/wp\/v2\/comments?post=363263"}],"wp:featuredmedia":[{"embeddable":true,"href":"https:\/\/www.auramonaco.de\/en\/wp-json\/wp\/v2\/media\/353462"}],"wp:attachment":[{"href":"https:\/\/www.auramonaco.de\/en\/wp-json\/wp\/v2\/media?parent=363263"}],"wp:term":[{"taxonomy":"product_brand","embeddable":true,"href":"https:\/\/www.auramonaco.de\/en\/wp-json\/wp\/v2\/product_brand?post=363263"},{"taxonomy":"product_cat","embeddable":true,"href":"https:\/\/www.auramonaco.de\/en\/wp-json\/wp\/v2\/product_cat?post=363263"},{"taxonomy":"product_tag","embeddable":true,"href":"https:\/\/www.auramonaco.de\/en\/wp-json\/wp\/v2\/product_tag?post=363263"}],"curies":[{"name":"wp","href":"https:\/\/api.w.org\/{rel}","templated":true}]}}