{"id":362672,"date":"2019-01-31T21:01:09","date_gmt":"2019-01-31T20:01:09","guid":{"rendered":"https:\/\/www.auramonaco.de\/product\/premium-tweezers-barcelona\/"},"modified":"2026-04-02T20:32:15","modified_gmt":"2026-04-02T18:32:15","slug":"premium-tweezers-barcelona","status":"publish","type":"product","link":"https:\/\/www.auramonaco.de\/en\/product\/premium-tweezers-barcelona\/","title":{"rendered":"Premium tweezer Barcelona"},"content":{"rendered":"<div class=\"wpb-content-wrapper\"><p>[vc_row type=&#8221;boxed&#8221;][vc_column width=&#8221;1\/6&#8243; offset=&#8221;vc_col-lg-1\/5 vc_col-xs-2 vc_hidden-xs&#8221;][\/vc_column][vc_column width=&#8221;1\/6&#8243; offset=&#8221;vc_col-lg-offset-0 vc_col-xs-3&#8243;][vc_single_image image=&#8221;353708&#8243;][\/vc_column][vc_column width=&#8221;1\/6&#8243; offset=&#8221;vc_col-xs-3&#8243;][vc_single_image image=&#8221;353703&#8243;][\/vc_column][vc_column width=&#8221;1\/6&#8243; offset=&#8221;vc_col-xs-3&#8243;][vc_single_image image=&#8221;353715&#8243;][\/vc_column][vc_column width=&#8221;1\/6&#8243; offset=&#8221;vc_col-lg-offset-0 vc_col-xs-3&#8243;][vc_single_image image=&#8221;353706&#8243;][\/vc_column][vc_column width=&#8221;1\/6&#8243; offset=&#8221;vc_col-lg-1\/5 vc_col-xs-2 vc_hidden-xs&#8221;][\/vc_column][\/vc_row][vc_row][vc_column offset=&#8221;vc_hidden-xs&#8221;][vc_empty_space][\/vc_column][\/vc_row][vc_row type=&#8221;boxed&#8221;][vc_column offset=&#8221;vc_col-lg-offset-1 vc_col-lg-10&#8243;][vc_tta_accordion title_tag=&#8221;p&#8221; section_title_tag=&#8221;p&#8221; shape=&#8221;square&#8221; color=&#8221;white&#8221; active_section=&#8221;999999999999&#8243; no_fill=&#8221;true&#8221; collapsible_all=&#8221;true&#8221;][vc_tta_section title=&#8221;PRODUCT INFO&#8221; tab_id=&#8221;1664987938376-3e895acf-516b&#8221;][vc_column_text]Our AURA Monaco premium tweezers are essential &#8211; whether for beginners or professionals.<\/p>\n<p>&#8211; perfect for the mega volume technique from 5D<br \/>\n&#8211; fast &amp; easy fanning<br \/>\n&#8211; Total length 12,5cm<br \/>\n&#8211; Length of the tip 1.2cm<br \/>\n&#8211; closes perfectly and evenly<br \/>\n&#8211; even the finest lashes can be gripped easily[\/vc_column_text][\/vc_tta_section][vc_tta_section title=&#8221;REVIEWS&#8221; tab_id=&#8221;1665779341413-9f6fc378-e7ac&#8221;]<div class=\"nm-product-reviews layout-default\"><ul class=\"nm-product-reviews-ul xsmall-block-grid-1 small-block-grid-1 medium-block-grid-2 large-block-grid-4\"><li class=\"nm-product-review nm-product-362672-review\"><div class=\"nm-product-review-inner\"><div class=\"nm-product-review-star-rating\"><div class=\"star-rating\" role=\"img\" aria-label=\"Rated 5 out of 5\"><span style=\"width:100%\">Rated <strong class=\"rating\">5<\/strong> out of 5<\/span><\/div><\/div><div class=\"nm-product-review-description\">Der schmale Kopf der Pinzette ist sehr angenehm und gut mit zu arbeiten. F\u00fcr mich eine der Besten Pinzetten hier. Liegt leicht in der Hand und ist trotzdem pr\u00e4zise zu f\u00fchren, besonders f\u00fcr die Volumentechnik.<\/div><div class=\"nm-product-review-author\"><img src='https:\/\/secure.gravatar.com\/avatar\/7971ba5f7bd7acdfe2d8436eb1f7a38d847e3d817592d7c350a2cbe993b609a1?s=250&#038;d=blank&#038;r=g' srcset='https:\/\/secure.gravatar.com\/avatar\/7971ba5f7bd7acdfe2d8436eb1f7a38d847e3d817592d7c350a2cbe993b609a1?s=250&#038;d=blank&#038;r=g 2x' class='avatar avatar-60 photo' height='60' width='60' decoding='async'\/><span>Juliane<\/span><em>13. June 2021<\/em><\/div><\/div><\/li><li class=\"nm-product-review nm-product-362672-review\"><div class=\"nm-product-review-inner\"><div class=\"nm-product-review-star-rating\"><div class=\"star-rating\" role=\"img\" aria-label=\"Rated 5 out of 5\"><span style=\"width:100%\">Rated <strong class=\"rating\">5<\/strong> out of 5<\/span><\/div><\/div><div class=\"nm-product-review-description\">Ich wurde total nett am Telefon beraten und mir wurde diese Pinzette f\u00fcr die  Volumen Technik ans Herz gelegt. Ist genau wie beschrieben und abgebildet. \r\nSie ist mir sogar einmal runtergefallen und normalerweise ist das der Horror f\u00fcr jede Wimpernstylistin weil die Spitze dann total verbogen ist aber hier ist gar nichts passiert. Tolles Produkt<\/div><div class=\"nm-product-review-author\"><img src='https:\/\/secure.gravatar.com\/avatar\/7971ba5f7bd7acdfe2d8436eb1f7a38d847e3d817592d7c350a2cbe993b609a1?s=250&#038;d=blank&#038;r=g' srcset='https:\/\/secure.gravatar.com\/avatar\/7971ba5f7bd7acdfe2d8436eb1f7a38d847e3d817592d7c350a2cbe993b609a1?s=250&#038;d=blank&#038;r=g 2x' class='avatar avatar-60 photo' height='60' width='60' decoding='async'\/><span>Henrike<\/span><em>7. March 2021<\/em><\/div><\/div><\/li><\/ul><\/div>[\/vc_tta_section][vc_tta_section title=&#8221;1 TO 1 TECHNIQUE TWEEZERS&#8221; tab_id=&#8221;1665828329146-ec2b6ed2-59c9&#8243;][vc_column_text]The following tweezers are perfect for the 1:1 technique:<\/p>\n<p><a href=\"https:\/\/www.auramonaco.de\/product\/premium-pinzette-monaco-japanischer-stahl\/\"><span style=\"color: #fc85a9;\"><b>Premium tweezer &#8216;Monaco&#8217;<\/b><\/span><\/a><br \/>\nright hand, good for beginners<\/p>\n<p><a href=\"https:\/\/www.auramonaco.de\/product\/premium-pinzette-fluffy-japanischer-stahl\/\"><span style=\"color: #fc85a9;\"><b>Premium tweezer &#8216;Fluffy&#8217;<\/b><\/span><\/a><br \/>\nright hand, also for beginners for separating in the inner angle with left hand<\/p>\n<p><a href=\"https:\/\/www.auramonaco.de\/en\/produkt\/eyelash-extension-1d-classic-all-rounder-tweezers-straight-curved-single-eyelashes-montpellier\/\"><span style=\"color: #fc85a9;\"><b>Tweezer &#8216;Montpellier&#8217;<\/b><\/span><\/a><br \/>\nright hand, also for beginners for separating in the inner angle with left hand<\/p>\n<p><a href=\"https:\/\/www.auramonaco.de\/en\/produkt\/eyelash-extension-1d-classic-all-rounder-tweezers-straight-curved-single-eyelashes-monte-carlo\/\"><span style=\"color: #fc85a9;\"><b>Tweezer &#8216;Monte Carlo&#8217;<\/b><\/span><\/a><br \/>\nright hand, also for beginners for separating in the inner angle with left hand[\/vc_column_text][\/vc_tta_section][vc_tta_section title=&#8221;SEPARATING TWEEZERS&#8221; tab_id=&#8221;1666074440039-0bcb48a0-8b60&#8243;][vc_column_text]<span style=\"color: #fc85a9;\"><br \/>\n  <b>Separating tweezers<\/b><br \/>\n<\/span> are always straight shaped &#8211; even the tip.<\/p>\n<p>There are separating tweezers that have a slight bend so you can easily place them on your client&#8217;s eyebrow without touching the lid. This allows you to work even more easily and almost fatigue-free.<\/p>\n<p>Separating tweezers are &#8211; as the name suggests &#8211; there to separate the natural lashes so that only a single natural lash is left free. This can then be glued &#8211; either with the 1:1 or the volume technique.<\/p>\n<p>Without separating tweezers it is not possible to work cleanly and without sticking. These tweezers are therefore the basic tools of lash stylists &#8211; they are always needed, regardless of the technique.<\/p>\n<p><a href=\"https:\/\/www.auramonaco.de\/product\/premium-pinzette-fluffy-japanischer-stahl\/\"><span style=\"color: #fc85a9;\"><b>Premium tweezer &#8216;Fluffy&#8217;<\/b><\/span><\/a><br \/>\nfor beginners to separate in the inner angle with the left or 1:1 technique with the right hand<\/p>\n<p><a href=\"https:\/\/www.auramonaco.de\/en\/produkt\/eyelash-extension-1d-classic-all-rounder-tweezers-straight-curved-single-eyelashes-montpellier\/\"><span style=\"color: #fc85a9;\"><b>Tweezer &#8216;Montpellier&#8217;<\/b><\/span><\/a><br \/>\nfor beginners to separate in the inner angle with the left or 1:1 technique with the right hand<\/p>\n<p><a href=\"https:\/\/www.auramonaco.de\/product\/premium-pinzette-bae-japanischer-stahl\/\"><span style=\"color: #fc85a9;\"><b>Premium tweezer &#8216;BAE&#8217;<\/b><\/span><\/a><br \/>\nfor beginners to separate in the inner corner, due to the slight bend the tweezers can be placed on the eyebrow without touching the lid &#8211; so you work virtually fatigue-free.<\/p>\n<p><a href=\"https:\/\/www.auramonaco.de\/en\/produkt\/eyelash-extension-1d-classic-all-rounder-tweezers-straight-curved-single-eyelashes-marseille\/\"><span style=\"color: #fc85a9;\"><b>Tweezer &#8216;Marseille&#8217;<\/b><\/span><\/a><br \/>\nfor beginners to separate in the inner corner, due to the slight bend the tweezers can be placed on the eyebrow without touching the lid &#8211; so you work virtually fatigue-free.<\/p>\n<p><a href=\"https:\/\/www.auramonaco.de\/en\/produkt\/eyelash-extension-1d-classic-all-rounder-tweezers-straight-curved-single-eyelashes-monte-carlo\/\"><span style=\"color: #fc85a9;\"><b>Tweezer &#8216;Monte Carlo&#8217;<\/b><\/span><\/a><br \/>\nfor beginners to separate in the inner angle with the left or 1:1 technique with the right hand[\/vc_column_text][\/vc_tta_section][vc_tta_section title=&#8221;INNER ANGLE TWEEZERS&#8221; tab_id=&#8221;1666074462321-79fbf0c5-e1ee&#8221;][vc_column_text]<a href=\"https:\/\/www.auramonaco.de\/en\/produkt\/eyelash-extension-1d-classic-all-rounder-tweezers-straight-curved-single-eyelashes-montpellier\/\"><span style=\"color: #fc85a9;\"><b>Tweezer &#8216;Montpellier&#8217;<\/b><\/span><\/a><br \/>\nfor separating in the inner angle or the 1:1 technique<\/p>\n<p><a href=\"https:\/\/www.auramonaco.de\/en\/produkt\/eyelash-extension-1d-classic-all-rounder-tweezers-straight-curved-single-eyelashes-monte-carlo\/\"><span style=\"color: #fc85a9;\"><b>Tweezer &#8216;Monte Carlo&#8217;<\/b><\/span><\/a><br \/>\nfor separating in the inner angle or the 1:1 technique<\/p>\n<p><a href=\"https:\/\/www.auramonaco.de\/en\/produkt\/eyelash-extension-1d-classic-all-rounder-tweezers-straight-curved-single-eyelashes-marseille\/\"><span style=\"color: #fc85a9;\"><b>Tweezer &#8216;Marseille&#8217;<\/b><\/span><\/a><br \/>\nfor separating in the inner corner, due to the slight bend the tweezers can be placed on the eyebrow without touching the lid &#8211; so you work virtually fatigue-free.[\/vc_column_text][\/vc_tta_section][vc_tta_section title=&#8221;VOLUME TECHNIQUE TWEEZERS&#8221; tab_id=&#8221;1666074478098-c2fe8562-efef&#8221;][vc_column_text]Volume technique tweezers give you the most pleasure &#8211; and the most sales. Volume technique tweezers are long and the tip is always curved.<\/p>\n<p>Volume technique tweezers allow you to grab several lashes at once and then build a fan out of them. Depending on how skilled you are, you can create volumes from 2D to 10D. The following tweezers are perfect for fanning in the volume technique:<\/p>\n<p><a href=\"https:\/\/www.auramonaco.de\/product\/premium-pinzette-alexandra-japanischer-stahl\/\"><span style=\"color: #fc85a9;\"><b>Premium tweezer &#8216;Alexandra&#8217;<\/b><\/span><\/a><br \/>\n2D to 4D volume &#8211; good for beginners<\/p>\n<p><a href=\"https:\/\/www.auramonaco.de\/product\/premium-pinzette-new-york-japanischer-stahl\/\"><span style=\"color: #fc85a9;\"><b>Premium tweezer &#8216;New York&#8217;<\/b><\/span><\/a><br \/>\n2D to 5D volume<\/p>\n<p><a href=\"https:\/\/www.auramonaco.de\/product\/premium-pinzette-madrid-japanischer-stahl\/\"><span style=\"color: #fc85a9;\"><b>Premium tweezer &#8216;Madrid&#8217;<\/b><\/span><\/a><br \/>\n2D to 5D volume<\/p>\n<p><a href=\"https:\/\/www.auramonaco.de\/product\/premium-pinzette-ciolea-japanischer-stahl\/\"><span style=\"color: #fc85a9;\"><b>Premium tweezer &#8216;Ciolea&#8217;<\/b><\/span><\/a><br \/>\n2D to 5D volume<\/p>\n<p><a href=\"https:\/\/www.auramonaco.de\/product\/premium-pinzette-brooklyn-japanischer-stahl\/\"><span style=\"color: #fc85a9;\"><b>Premium tweezer &#8216;Brooklyn&#8217;<\/b><\/span><\/a><br \/>\n2D to 7D volume<\/p>\n<p><a href=\"https:\/\/www.auramonaco.de\/product\/premium-pinzette-tokio-japanischer-stahl\/\"><span style=\"color: #fc85a9;\"><b>Premium tweezer &#8216;Tokyo&#8217;<\/b><\/span><\/a><br \/>\nMegavolume from 5D<\/p>\n<p><a href=\"https:\/\/www.auramonaco.de\/product\/premium-pinzette-barcelona-japanischer-stahl\/\"><span style=\"color: #fc85a9;\"><b>Premium tweezer &#8216;Barcelona&#8217;<\/b><\/span><\/a><br \/>\nMegavolume from 5D<\/p>\n<p><a href=\"https:\/\/www.auramonaco.de\/product\/premium-pinzette-manhattan-japanischer-stahl\/\"><span style=\"color: #fc85a9;\"><b>Premium tweezer &#8216;Manhattan&#8217;<\/b><\/span><\/a><br \/>\nVolume &amp; Megavolume &#8211; 2D to 10D<\/p>\n<p><a href=\"https:\/\/www.auramonaco.de\/product\/premium-pinzette-london-japanischer-stahl\/\"><span style=\"color: #fc85a9;\"><b>Premium tweezer &#8216;London&#8217;<\/b><\/span><\/a><br \/>\nVolume &amp; Megavolume &#8211; 2D to 10D[\/vc_column_text][\/vc_tta_section][\/vc_tta_accordion][vc_empty_space height=&#8221;20px&#8221;][\/vc_column][\/vc_row][vc_row type=&#8221;boxed&#8221;][vc_column width=&#8221;1\/6&#8243; offset=&#8221;vc_col-lg-1\/5 vc_col-xs-2 vc_hidden-xs&#8221;][\/vc_column][vc_column width=&#8221;1\/6&#8243; offset=&#8221;vc_col-lg-offset-0 vc_col-xs-3&#8243;][vc_single_image image=&#8221;353716&#8243; onclick=&#8221;custom_link&#8221; img_link_target=&#8221;_blank&#8221; link=&#8221;https:\/\/wa.me\/4915792300073&#8243;][\/vc_column][vc_column width=&#8221;1\/6&#8243; offset=&#8221;vc_col-xs-3&#8243;][vc_single_image image=&#8221;353719&#8243; onclick=&#8221;custom_link&#8221; link=&#8221;https:\/\/www.auramonaco.de\/en\/354356-2\/&#8221;][\/vc_column][vc_column width=&#8221;1\/6&#8243; offset=&#8221;vc_col-xs-3&#8243;][vc_single_image image=&#8221;353718&#8243; onclick=&#8221;custom_link&#8221; link=&#8221;tel:+494030094000&#8243;][\/vc_column][vc_column width=&#8221;1\/6&#8243; offset=&#8221;vc_col-lg-offset-0 vc_col-xs-3&#8243;][vc_single_image image=&#8221;353717&#8243; onclick=&#8221;custom_link&#8221; link=&#8221;https:\/\/www.auramonaco.de\/en\/354277-2\/&#8221;][\/vc_column][vc_column width=&#8221;1\/6&#8243; offset=&#8221;vc_col-lg-1\/5 vc_col-xs-2 vc_hidden-xs&#8221;][\/vc_column][\/vc_row][vc_row][vc_column offset=&#8221;vc_col-lg-offset-1 vc_col-lg-10&#8243;][vc_empty_space][vc_column_text]<\/p>\n<h3>RECOMMENDATIONS<\/h3>\n<p>[\/vc_column_text][vc_empty_space][\/vc_column][\/vc_row][vc_row][vc_column]<div class=\"woocommerce columns-4 \"><\/div>[\/vc_column][\/vc_row]<\/p>\n<\/div>","protected":false},"excerpt":{"rendered":"<p><\/br>Premium tweezer Barcelona &#8211; perfect for mega volume from 5D. High quality workmanship, closes perfectly.<\/p>\n","protected":false},"featured_media":353475,"comment_status":"open","ping_status":"closed","template":"","meta":[],"product_brand":[],"product_cat":[932,914],"product_tag":[],"class_list":{"0":"post-362672","1":"product","2":"type-product","3":"status-publish","4":"has-post-thumbnail","6":"product_cat-premium-tweezers-japanese-steel","7":"product_cat-sale","9":"first","10":"instock","11":"sale","12":"taxable","13":"shipping-taxable","14":"purchasable","15":"product-type-simple"},"_links":{"self":[{"href":"https:\/\/www.auramonaco.de\/en\/wp-json\/wp\/v2\/product\/362672","targetHints":{"allow":["GET"]}}],"collection":[{"href":"https:\/\/www.auramonaco.de\/en\/wp-json\/wp\/v2\/product"}],"about":[{"href":"https:\/\/www.auramonaco.de\/en\/wp-json\/wp\/v2\/types\/product"}],"replies":[{"embeddable":true,"href":"https:\/\/www.auramonaco.de\/en\/wp-json\/wp\/v2\/comments?post=362672"}],"wp:featuredmedia":[{"embeddable":true,"href":"https:\/\/www.auramonaco.de\/en\/wp-json\/wp\/v2\/media\/353475"}],"wp:attachment":[{"href":"https:\/\/www.auramonaco.de\/en\/wp-json\/wp\/v2\/media?parent=362672"}],"wp:term":[{"taxonomy":"product_brand","embeddable":true,"href":"https:\/\/www.auramonaco.de\/en\/wp-json\/wp\/v2\/product_brand?post=362672"},{"taxonomy":"product_cat","embeddable":true,"href":"https:\/\/www.auramonaco.de\/en\/wp-json\/wp\/v2\/product_cat?post=362672"},{"taxonomy":"product_tag","embeddable":true,"href":"https:\/\/www.auramonaco.de\/en\/wp-json\/wp\/v2\/product_tag?post=362672"}],"curies":[{"name":"wp","href":"https:\/\/api.w.org\/{rel}","templated":true}]}}