{"id":362129,"date":"2019-04-09T20:01:58","date_gmt":"2019-04-09T18:01:58","guid":{"rendered":"https:\/\/www.auramonaco.de\/product\/lint-free-applicators\/"},"modified":"2026-04-28T23:03:01","modified_gmt":"2026-04-28T21:03:01","slug":"lint-free-applicators","status":"publish","type":"product","link":"https:\/\/www.auramonaco.de\/en\/product\/lint-free-applicators\/","title":{"rendered":"Lint Free Applicators"},"content":{"rendered":"<div class=\"wpb-content-wrapper\"><p>[vc_row type=&#8221;boxed&#8221;][vc_column width=&#8221;1\/6&#8243; offset=&#8221;vc_col-lg-1\/5 vc_col-xs-2 vc_hidden-xs&#8221;][\/vc_column][vc_column width=&#8221;1\/6&#8243; offset=&#8221;vc_col-lg-offset-0 vc_col-xs-3&#8243;][vc_single_image image=&#8221;353708&#8243;][\/vc_column][vc_column width=&#8221;1\/6&#8243; offset=&#8221;vc_col-xs-3&#8243;][vc_single_image image=&#8221;353703&#8243;][\/vc_column][vc_column width=&#8221;1\/6&#8243; offset=&#8221;vc_col-xs-3&#8243;][vc_single_image image=&#8221;353715&#8243;][\/vc_column][vc_column width=&#8221;1\/6&#8243; offset=&#8221;vc_col-lg-offset-0 vc_col-xs-3&#8243;][vc_single_image image=&#8221;353706&#8243;][\/vc_column][vc_column width=&#8221;1\/6&#8243; offset=&#8221;vc_col-lg-1\/5 vc_col-xs-2 vc_hidden-xs&#8221;][\/vc_column][\/vc_row][vc_row][vc_column offset=&#8221;vc_hidden-xs&#8221;][vc_empty_space][\/vc_column][\/vc_row][vc_row type=&#8221;boxed&#8221;][vc_column offset=&#8221;vc_col-lg-offset-1 vc_col-lg-10&#8243;][vc_tta_accordion title_tag=&#8221;p&#8221; section_title_tag=&#8221;p&#8221; shape=&#8221;square&#8221; color=&#8221;white&#8221; active_section=&#8221;999999999999&#8243; no_fill=&#8221;true&#8221; collapsible_all=&#8221;true&#8221;][vc_tta_section title=&#8221;PRODUCT INFO&#8221; tab_id=&#8221;1664987938376-3e895acf-516b&#8221;][vc_column_text]The Lint Free Applicators from AURA Monaco are perfect for gently cleaning the lashes.<\/p>\n<p>&#8211; 50 piece<br \/>\n&#8211; lint-free, soft microfiber head<br \/>\n&#8211; for cleaning the lashes, e.g. from make-up residues<br \/>\n&#8211; for degreasing the lashes with primer<br \/>\n&#8211; cruelty free[\/vc_column_text][\/vc_tta_section][vc_tta_section title=&#8221;REVIEWS&#8221; tab_id=&#8221;1665779341413-9f6fc378-e7ac&#8221;]<div class=\"nm-product-reviews layout-default\"><ul class=\"nm-product-reviews-ul xsmall-block-grid-1 small-block-grid-1 medium-block-grid-2 large-block-grid-4\"><li class=\"nm-product-review nm-product-362129-review\"><div class=\"nm-product-review-inner\"><div class=\"nm-product-review-star-rating\"><div class=\"star-rating\" role=\"img\" aria-label=\"Rated 5 out of 5\"><span style=\"width:100%\">Rated <strong class=\"rating\">5<\/strong> out of 5<\/span><\/div><\/div><div class=\"nm-product-review-description\">Preis- Leistung ist hier mal wieder der Hammer! Habe sofort auf Vorrat bestellt.<\/div><div class=\"nm-product-review-author\"><img src='https:\/\/secure.gravatar.com\/avatar\/2baf2b99ac128195b83889cb0e8a3d57b530a4fa7c16d556c76b215b0d9ec330?s=250&#038;d=blank&#038;r=g' srcset='https:\/\/secure.gravatar.com\/avatar\/2baf2b99ac128195b83889cb0e8a3d57b530a4fa7c16d556c76b215b0d9ec330?s=250&#038;d=blank&#038;r=g 2x' class='avatar avatar-60 photo' height='60' width='60' decoding='async'\/><span>jessica.moreira<i class=\"nm-font nm-font-check\" title=\"verified owner\"><\/i><\/span><em>18. October 2024<\/em><\/div><\/div><\/li><li class=\"nm-product-review nm-product-362129-review\"><div class=\"nm-product-review-inner\"><div class=\"nm-product-review-star-rating\"><div class=\"star-rating\" role=\"img\" aria-label=\"Rated 5 out of 5\"><span style=\"width:100%\">Rated <strong class=\"rating\">5<\/strong> out of 5<\/span><\/div><\/div><div class=\"nm-product-review-description\">Sind einfach mit die Besten auf dem Markt. Name h\u00e4lt was er verspricht und schneller Verand noch dazu<\/div><div class=\"nm-product-review-author\"><img src='https:\/\/secure.gravatar.com\/avatar\/7971ba5f7bd7acdfe2d8436eb1f7a38d847e3d817592d7c350a2cbe993b609a1?s=250&#038;d=blank&#038;r=g' srcset='https:\/\/secure.gravatar.com\/avatar\/7971ba5f7bd7acdfe2d8436eb1f7a38d847e3d817592d7c350a2cbe993b609a1?s=250&#038;d=blank&#038;r=g 2x' class='avatar avatar-60 photo' height='60' width='60' decoding='async'\/><span>Nicola<\/span><em>3. May 2021<\/em><\/div><\/div><\/li><li class=\"nm-product-review nm-product-362129-review\"><div class=\"nm-product-review-inner\"><div class=\"nm-product-review-star-rating\"><div class=\"star-rating\" role=\"img\" aria-label=\"Rated 5 out of 5\"><span style=\"width:100%\">Rated <strong class=\"rating\">5<\/strong> out of 5<\/span><\/div><\/div><div class=\"nm-product-review-description\">Schneller Versand und super Produkt<\/div><div class=\"nm-product-review-author\"><img src='https:\/\/secure.gravatar.com\/avatar\/7971ba5f7bd7acdfe2d8436eb1f7a38d847e3d817592d7c350a2cbe993b609a1?s=250&#038;d=blank&#038;r=g' srcset='https:\/\/secure.gravatar.com\/avatar\/7971ba5f7bd7acdfe2d8436eb1f7a38d847e3d817592d7c350a2cbe993b609a1?s=250&#038;d=blank&#038;r=g 2x' class='avatar avatar-60 photo' height='60' width='60' decoding='async'\/><span>Lash Lovers<\/span><em>28. January 2020<\/em><\/div><\/div><\/li><li class=\"nm-product-review nm-product-362129-review\"><div class=\"nm-product-review-inner\"><div class=\"nm-product-review-star-rating\"><div class=\"star-rating\" role=\"img\" aria-label=\"Rated 5 out of 5\"><span style=\"width:100%\">Rated <strong class=\"rating\">5<\/strong> out of 5<\/span><\/div><\/div><div class=\"nm-product-review-description\">Sehr angenehm, mit diesen Appliktoren zu arbeiten! Ich benutze sie meistens als Zubeh\u00f6r beim Wimpernlifting oder auch Brow Lifting um \u00fcbersch\u00fcssige Lotion etc. vorsichtig von der Haut abnehmen zu k\u00f6nnen. Auch bei Wimpernfarbe seeeehr praktisch, der Kopf ist flauschig weich und kann sch\u00f6n Fl\u00fcssigkeit aufsaugen. Nie wieder ohne!!<\/div><div class=\"nm-product-review-author\"><img src='https:\/\/secure.gravatar.com\/avatar\/7971ba5f7bd7acdfe2d8436eb1f7a38d847e3d817592d7c350a2cbe993b609a1?s=250&#038;d=blank&#038;r=g' srcset='https:\/\/secure.gravatar.com\/avatar\/7971ba5f7bd7acdfe2d8436eb1f7a38d847e3d817592d7c350a2cbe993b609a1?s=250&#038;d=blank&#038;r=g 2x' class='avatar avatar-60 photo' height='60' width='60' decoding='async'\/><span>Peri<\/span><em>19. October 2019<\/em><\/div><\/div><\/li><\/ul><\/div>[\/vc_tta_section][vc_tta_section title=&#8221;WHAT FOR?&#8221; tab_id=&#8221;1665828329146-ec2b6ed2-59c9&#8243;][vc_column_text]For cleaning the lashes before the lash extension.[\/vc_column_text][\/vc_tta_section][\/vc_tta_accordion][vc_empty_space height=&#8221;20px&#8221;][\/vc_column][\/vc_row][vc_row type=&#8221;boxed&#8221;][vc_column width=&#8221;1\/6&#8243; offset=&#8221;vc_col-lg-1\/5 vc_col-xs-2 vc_hidden-xs&#8221;][\/vc_column][vc_column width=&#8221;1\/6&#8243; offset=&#8221;vc_col-lg-offset-0 vc_col-xs-3&#8243;][vc_single_image image=&#8221;353716&#8243; onclick=&#8221;custom_link&#8221; img_link_target=&#8221;_blank&#8221; link=&#8221;https:\/\/wa.me\/4915792300073&#8243;][\/vc_column][vc_column width=&#8221;1\/6&#8243; offset=&#8221;vc_col-xs-3&#8243;][vc_single_image image=&#8221;353719&#8243; onclick=&#8221;custom_link&#8221; link=&#8221;https:\/\/www.auramonaco.de\/en\/354356-2\/&#8221;][\/vc_column][vc_column width=&#8221;1\/6&#8243; offset=&#8221;vc_col-xs-3&#8243;][vc_single_image image=&#8221;353718&#8243; onclick=&#8221;custom_link&#8221; link=&#8221;tel:+494030094000&#8243;][\/vc_column][vc_column width=&#8221;1\/6&#8243; offset=&#8221;vc_col-lg-offset-0 vc_col-xs-3&#8243;][vc_single_image image=&#8221;353717&#8243; onclick=&#8221;custom_link&#8221; link=&#8221;https:\/\/www.auramonaco.de\/en\/354277-2\/&#8221;][\/vc_column][vc_column width=&#8221;1\/6&#8243; offset=&#8221;vc_col-lg-1\/5 vc_col-xs-2 vc_hidden-xs&#8221;][\/vc_column][\/vc_row][vc_row][vc_column offset=&#8221;vc_col-lg-offset-1 vc_col-lg-10&#8243;][vc_empty_space][vc_column_text]<\/p>\n<h3>RECOMMENDATIONS<\/h3>\n<p>[\/vc_column_text][vc_empty_space][\/vc_column][\/vc_row][vc_row][vc_column]<div class=\"woocommerce columns-4 \"><\/div>[\/vc_column][\/vc_row]<\/p>\n<\/div>","protected":false},"excerpt":{"rendered":"<p>Lint Free Applicators for cleaning the lashes before the lash extension.<\/p>\n","protected":false},"featured_media":352575,"comment_status":"open","ping_status":"closed","template":"","meta":[],"product_brand":[],"product_cat":[913,914],"product_tag":[],"class_list":{"0":"post-362129","1":"product","2":"type-product","3":"status-publish","4":"has-post-thumbnail","6":"product_cat-brushes-and-applicators","7":"product_cat-sale","9":"first","10":"instock","11":"sale","12":"taxable","13":"shipping-taxable","14":"purchasable","15":"product-type-variable"},"_links":{"self":[{"href":"https:\/\/www.auramonaco.de\/en\/wp-json\/wp\/v2\/product\/362129","targetHints":{"allow":["GET"]}}],"collection":[{"href":"https:\/\/www.auramonaco.de\/en\/wp-json\/wp\/v2\/product"}],"about":[{"href":"https:\/\/www.auramonaco.de\/en\/wp-json\/wp\/v2\/types\/product"}],"replies":[{"embeddable":true,"href":"https:\/\/www.auramonaco.de\/en\/wp-json\/wp\/v2\/comments?post=362129"}],"wp:featuredmedia":[{"embeddable":true,"href":"https:\/\/www.auramonaco.de\/en\/wp-json\/wp\/v2\/media\/352575"}],"wp:attachment":[{"href":"https:\/\/www.auramonaco.de\/en\/wp-json\/wp\/v2\/media?parent=362129"}],"wp:term":[{"taxonomy":"product_brand","embeddable":true,"href":"https:\/\/www.auramonaco.de\/en\/wp-json\/wp\/v2\/product_brand?post=362129"},{"taxonomy":"product_cat","embeddable":true,"href":"https:\/\/www.auramonaco.de\/en\/wp-json\/wp\/v2\/product_cat?post=362129"},{"taxonomy":"product_tag","embeddable":true,"href":"https:\/\/www.auramonaco.de\/en\/wp-json\/wp\/v2\/product_tag?post=362129"}],"curies":[{"name":"wp","href":"https:\/\/api.w.org\/{rel}","templated":true}]}}