{"id":361007,"date":"2017-10-19T17:45:36","date_gmt":"2017-10-19T15:45:36","guid":{"rendered":"https:\/\/www.auramonaco.de\/product\/microbrush\/"},"modified":"2026-04-28T23:03:00","modified_gmt":"2026-04-28T21:03:00","slug":"lint-free-micro-brushes-micro-brushes-micro-fiber-applicators-cleaning-brushes","status":"publish","type":"product","link":"https:\/\/www.auramonaco.de\/en\/product\/lint-free-micro-brushes-micro-brushes-micro-fiber-applicators-cleaning-brushes\/","title":{"rendered":"Microbrushes"},"content":{"rendered":"<div class=\"wpb-content-wrapper\"><p>[vc_row][vc_column width=&#8221;1\/3&#8243;][\/vc_column][vc_column width=&#8221;1\/3&#8243;][vc_column_text]<\/p>\n<p style=\"text-align: center;\">\n<div class=\"wp-block-html5-player-parent\">\n<div data-video-id=\"\" class='wp-block-html5-player-video html5_video_players' class=\"wp-block-html5-player-video\" data-nonce=\"4a09d1731b\" data-attributes=\"{&quot;imported&quot;:true,&quot;uniqueId&quot;:&quot;h5vpbae65866&quot;,&quot;source&quot;:&quot;https:\\\/\\\/www.auramonaco.de\\\/wp-content\\\/uploads\\\/2022\\\/12\\\/Primer-Microbuerstchen.mp4&quot;,&quot;options&quot;:{&quot;controls&quot;:[],&quot;settings&quot;:[&quot;captions&quot;,&quot;quality&quot;,&quot;speed&quot;,&quot;loop&quot;],&quot;loadSprite&quot;:true,&quot;autoplay&quot;:true,&quot;seekTime&quot;:10,&quot;volume&quot;:1,&quot;muted&quot;:true,&quot;hideControls&quot;:true,&quot;resetOnEnd&quot;:false,&quot;tooltips&quot;:{&quot;controls&quot;:true,&quot;seek&quot;:true},&quot;captions&quot;:{&quot;active&quot;:false,&quot;language&quot;:&quot;auto&quot;,&quot;update&quot;:true},&quot;ratio&quot;:null,&quot;storage&quot;:{&quot;enabled&quot;:true,&quot;key&quot;:&quot;plyr&quot;},&quot;speed&quot;:{&quot;options&quot;:[&quot;1&quot;,&quot;2&quot;,&quot;3&quot;,&quot;0.5&quot;,&quot;0.75&quot;,&quot;1.25&quot;,&quot;1.5&quot;,&quot;1.75&quot;,&quot;2.5&quot;]},&quot;loop&quot;:{&quot;active&quot;:true},&quot;ads&quot;:{&quot;enabled&quot;:true},&quot;urls&quot;:{&quot;enabled&quot;:false},&quot;markers&quot;:{&quot;enabled&quot;:true,&quot;points&quot;:[]},&quot;preload&quot;:&quot;metadata&quot;,&quot;imported&quot;:true},&quot;features&quot;:{&quot;popup&quot;:{&quot;enabled&quot;:false,&quot;type&quot;:&quot;poster&quot;,&quot;btnText&quot;:&quot;Watch Video&quot;,&quot;align&quot;:&quot;center&quot;,&quot;btnStyle&quot;:{&quot;color&quot;:&quot;#fff&quot;,&quot;backgroundColor&quot;:&quot;#006BA1&quot;,&quot;fontSize&quot;:&quot;16px&quot;,&quot;padding&quot;:{&quot;top&quot;:&quot;10px&quot;,&quot;right&quot;:&quot;20px&quot;,&quot;bottom&quot;:&quot;10px&quot;,&quot;left&quot;:&quot;20px&quot;}}},&quot;overlay&quot;:{&quot;enabled&quot;:false,&quot;items&quot;:[{&quot;color&quot;:&quot;#ffffff&quot;,&quot;backgroundColor&quot;:&quot;#333&quot;,&quot;fontSize&quot;:{&quot;number&quot;:20,&quot;unit&quot;:&quot;px&quot;},&quot;position&quot;:&quot;top_right&quot;,&quot;type&quot;:&quot;logo&quot;,&quot;opacity&quot;:0.8}]},&quot;endScreen&quot;:{&quot;enabled&quot;:false,&quot;text&quot;:&quot;Endscreen text&quot;,&quot;btnText&quot;:&quot;Watch Again&quot;,&quot;btnLink&quot;:&quot;#&quot;,&quot;btnStyle&quot;:[]},&quot;thumbInPause&quot;:{&quot;enabled&quot;:false,&quot;type&quot;:&quot;default&quot;},&quot;watermark&quot;:{&quot;color&quot;:&quot;#f00&quot;},&quot;sticky&quot;:{&quot;enabled&quot;:false,&quot;position&quot;:&quot;top_right&quot;},&quot;playWhenVisible&quot;:false,&quot;disablePause&quot;:false,&quot;hideYoutubeUI&quot;:false,&quot;startTime&quot;:0,&quot;hideLoadingPlaceholder&quot;:true,&quot;passwordProtected&quot;:{&quot;password&quot;:null},&quot;saveState&quot;:false},&quot;styles&quot;:{&quot;plyr_wrapper&quot;:{&quot;width&quot;:&quot;100%&quot;,&quot;borderRadius&quot;:&quot;15px&quot;},&quot;plyr&quot;:{&quot;borderRadius&quot;:&quot;7px&quot;},&quot;.plyr&quot;:{&quot;--plyr-color-main&quot;:&quot;#00b2ff&quot;}},&quot;controls&quot;:{&quot;play-large&quot;:false,&quot;restart&quot;:false,&quot;rewind&quot;:false,&quot;play&quot;:false,&quot;fast-forward&quot;:false,&quot;progress&quot;:false,&quot;current-time&quot;:false,&quot;duration&quot;:false,&quot;mute&quot;:false,&quot;volume&quot;:false,&quot;pip&quot;:false,&quot;airplay&quot;:false,&quot;settings&quot;:false,&quot;download&quot;:false,&quot;fullscreen&quot;:false},&quot;width&quot;:{&quot;deprecated&quot;:true,&quot;number&quot;:100,&quot;unit&quot;:&quot;%&quot;,&quot;isDeprecated&quot;:true},&quot;radius&quot;:{&quot;number&quot;:7,&quot;unit&quot;:&quot;px&quot;},&quot;repeat&quot;:true,&quot;autoplay&quot;:true,&quot;muted&quot;:true,&quot;provider&quot;:&quot;self-hosted&quot;,&quot;poster&quot;:&quot;&quot;,&quot;onlyLoggedIn&quot;:{&quot;whoCanSeeThisVideo&quot;:&quot;everyone&quot;,&quot;allowedRoles&quot;:[],&quot;message&quot;:&quot;This video is only for registered users. Please login to watch the video.&quot;},&quot;seo&quot;:{&quot;title&quot;:&quot;&quot;,&quot;description&quot;:&quot;&quot;,&quot;duration&quot;:&quot;&quot;},&quot;quality&quot;:[],&quot;subtitle&quot;:[{&quot;label&quot;:&quot;English\\\/en&quot;,&quot;caption_file&quot;:&quot;&quot;}],&quot;thumbInPause&quot;:false,&quot;hideYoutubeUI&quot;:false,&quot;autoplayWhenVisible&quot;:false,&quot;CSS&quot;:&quot;&quot;,&quot;isCDURL&quot;:false,&quot;posterTime&quot;:20,&quot;chapters&quot;:[],&quot;brandColor&quot;:&quot;#00B3FF&quot;,&quot;sticky&quot;:false,&quot;stickyPosition&quot;:&quot;top-right&quot;,&quot;popup&quot;:false,&quot;popupType&quot;:&quot;button&quot;,&quot;playsinline&quot;:false,&quot;popupBtnStyle&quot;:{&quot;color&quot;:&quot;#fff&quot;,&quot;backgroundColor&quot;:&quot;#006BA1&quot;,&quot;fontSize&quot;:&quot;16px&quot;,&quot;padding&quot;:{&quot;top&quot;:&quot;10px&quot;,&quot;right&quot;:&quot;20px&quot;,&quot;bottom&quot;:&quot;10px&quot;,&quot;left&quot;:&quot;20px&quot;},&quot;align&quot;:&quot;center&quot;},&quot;popupBtnText&quot;:&quot;Watch Video&quot;,&quot;disablePause&quot;:false,&quot;thumbStyle&quot;:&quot;default&quot;,&quot;resetOnEnd&quot;:false,&quot;autoHideControl&quot;:true,&quot;protected&quot;:false,&quot;protectedText&quot;:&quot;Please enter password to wath the video&quot;,&quot;seekTime&quot;:10,&quot;startTime&quot;:0,&quot;preload&quot;:&quot;metadata&quot;,&quot;overlay&quot;:false,&quot;overlayPosition&quot;:&quot;top_right&quot;,&quot;overlayBackground&quot;:&quot;#333&quot;,&quot;overlayOpacity&quot;:0.8,&quot;overlayTextColor&quot;:&quot;#ffffff&quot;,&quot;overlayFontSize&quot;:{&quot;number&quot;:20,&quot;unit&quot;:&quot;px&quot;},&quot;overlayTextHoverColor&quot;:&quot;#ffffff&quot;,&quot;endScreen&quot;:{&quot;enabled&quot;:false,&quot;text&quot;:&quot;Simple Text&quot;,&quot;btnText&quot;:&quot;Watch Again&quot;,&quot;btnLink&quot;:&quot;&quot;,&quot;btnStyle&quot;:[]},&quot;endscreen&quot;:false,&quot;endscreenText&quot;:&quot;Endscreen text&quot;,&quot;endscreenTextLink&quot;:&quot;#&quot;,&quot;streaming&quot;:false,&quot;streamingType&quot;:&quot;hls&quot;,&quot;speed&quot;:{&quot;1&quot;:true,&quot;2&quot;:true,&quot;3&quot;:true,&quot;0.5&quot;:true,&quot;0.75&quot;:true,&quot;1.25&quot;:true,&quot;1.5&quot;:true,&quot;1.75&quot;:true,&quot;2.5&quot;:true},&quot;captionEnabled&quot;:false,&quot;saveState&quot;:false}\" >\n<\/div>\n\n<\/div>\n<p>[\/vc_column_text][vc_empty_space height=&#8221;40px&#8221;][\/vc_column][vc_column width=&#8221;1\/3&#8243;][\/vc_column][\/vc_row][vc_row type=&#8221;boxed&#8221;][vc_column width=&#8221;1\/6&#8243; offset=&#8221;vc_col-lg-1\/5 vc_col-xs-2 vc_hidden-xs&#8221;][\/vc_column][vc_column width=&#8221;1\/6&#8243; offset=&#8221;vc_col-lg-offset-0 vc_col-xs-3&#8243;][vc_single_image image=&#8221;353708&#8243;][\/vc_column][vc_column width=&#8221;1\/6&#8243; offset=&#8221;vc_col-xs-3&#8243;][vc_single_image image=&#8221;353703&#8243;][\/vc_column][vc_column width=&#8221;1\/6&#8243; offset=&#8221;vc_col-xs-3&#8243;][vc_single_image image=&#8221;353715&#8243;][\/vc_column][vc_column width=&#8221;1\/6&#8243; offset=&#8221;vc_col-lg-offset-0 vc_col-xs-3&#8243;][vc_single_image image=&#8221;353706&#8243;][\/vc_column][vc_column width=&#8221;1\/6&#8243; offset=&#8221;vc_col-lg-1\/5 vc_col-xs-2 vc_hidden-xs&#8221;][\/vc_column][\/vc_row][vc_row][vc_column offset=&#8221;vc_hidden-xs&#8221;][vc_empty_space][\/vc_column][\/vc_row][vc_row type=&#8221;boxed&#8221;][vc_column offset=&#8221;vc_col-lg-offset-1 vc_col-lg-10&#8243;][vc_tta_accordion title_tag=&#8221;p&#8221; section_title_tag=&#8221;p&#8221; shape=&#8221;square&#8221; color=&#8221;white&#8221; active_section=&#8221;999999999999&#8243; no_fill=&#8221;true&#8221; collapsible_all=&#8221;true&#8221;][vc_tta_section title=&#8221;PRODUCT INFO&#8221; tab_id=&#8221;1664987938376-3e895acf-516b&#8221;][vc_column_text]- high-quality, especially soft fleece head<br \/>\n&#8211; for the application of primer, cleanser and remover<br \/>\n&#8211; Enables lint-free cleaning and degreasing<br \/>\n&#8211; in three desired sizes: 1,5mm (S), 2mm (M), 2,5mm (L)<br \/>\n&#8211; cruelty free<br \/>\n&#8211; for degreasing, cleaning and application[\/vc_column_text][\/vc_tta_section][vc_tta_section title=&#8221;REVIEWS&#8221; tab_id=&#8221;1665779341413-9f6fc378-e7ac&#8221;]<div class=\"nm-product-reviews layout-default\"><ul class=\"nm-product-reviews-ul xsmall-block-grid-1 small-block-grid-1 medium-block-grid-2 large-block-grid-4\"><li class=\"nm-product-review nm-product-361007-review\"><div class=\"nm-product-review-inner\"><div class=\"nm-product-review-star-rating\"><div class=\"star-rating\" role=\"img\" aria-label=\"Rated 5 out of 5\"><span style=\"width:100%\">Rated <strong class=\"rating\">5<\/strong> out of 5<\/span><\/div><\/div><div class=\"nm-product-review-description\">Die kaufe ich wieder!!<\/div><div class=\"nm-product-review-author\"><img src='https:\/\/secure.gravatar.com\/avatar\/87b6013c6e75f46b4c84a00c37bb6512e5dd1b502ee514da70e8e99e69cad124?s=250&#038;d=blank&#038;r=g' srcset='https:\/\/secure.gravatar.com\/avatar\/87b6013c6e75f46b4c84a00c37bb6512e5dd1b502ee514da70e8e99e69cad124?s=250&#038;d=blank&#038;r=g 2x' class='avatar avatar-60 photo' height='60' width='60' decoding='async'\/><span>Julia Theis<i class=\"nm-font nm-font-check\" title=\"verified owner\"><\/i><\/span><em>29. April 2021<\/em><\/div><\/div><\/li><li class=\"nm-product-review nm-product-361007-review\"><div class=\"nm-product-review-inner\"><div class=\"nm-product-review-star-rating\"><div class=\"star-rating\" role=\"img\" aria-label=\"Rated 4 out of 5\"><span style=\"width:80%\">Rated <strong class=\"rating\">4<\/strong> out of 5<\/span><\/div><\/div><div class=\"nm-product-review-description\">o.k. danke<\/div><div class=\"nm-product-review-author\"><img src='https:\/\/secure.gravatar.com\/avatar\/7971ba5f7bd7acdfe2d8436eb1f7a38d847e3d817592d7c350a2cbe993b609a1?s=250&#038;d=blank&#038;r=g' srcset='https:\/\/secure.gravatar.com\/avatar\/7971ba5f7bd7acdfe2d8436eb1f7a38d847e3d817592d7c350a2cbe993b609a1?s=250&#038;d=blank&#038;r=g 2x' class='avatar avatar-60 photo' height='60' width='60' decoding='async'\/><span>Ina<\/span><em>8. January 2020<\/em><\/div><\/div><\/li><li class=\"nm-product-review nm-product-361007-review\"><div class=\"nm-product-review-inner\"><div class=\"nm-product-review-star-rating\"><div class=\"star-rating\" role=\"img\" aria-label=\"Rated 5 out of 5\"><span style=\"width:100%\">Rated <strong class=\"rating\">5<\/strong> out of 5<\/span><\/div><\/div><div class=\"nm-product-review-description\">passt<\/div><div class=\"nm-product-review-author\"><img src='https:\/\/secure.gravatar.com\/avatar\/7971ba5f7bd7acdfe2d8436eb1f7a38d847e3d817592d7c350a2cbe993b609a1?s=250&#038;d=blank&#038;r=g' srcset='https:\/\/secure.gravatar.com\/avatar\/7971ba5f7bd7acdfe2d8436eb1f7a38d847e3d817592d7c350a2cbe993b609a1?s=250&#038;d=blank&#038;r=g 2x' class='avatar avatar-60 photo' height='60' width='60' decoding='async'\/><span>janna<\/span><em>9. February 2019<\/em><\/div><\/div><\/li><li class=\"nm-product-review nm-product-361007-review\"><div class=\"nm-product-review-inner\"><div class=\"nm-product-review-star-rating\"><div class=\"star-rating\" role=\"img\" aria-label=\"Rated 5 out of 5\"><span style=\"width:100%\">Rated <strong class=\"rating\">5<\/strong> out of 5<\/span><\/div><\/div><div class=\"nm-product-review-description\">Perfekt f\u00fcr eine pr\u00e4zise Arbeit bei der Wimpernverl\u00e4ngerung. Werden immer wieder gekauft<\/div><div class=\"nm-product-review-author\"><img src='https:\/\/secure.gravatar.com\/avatar\/7971ba5f7bd7acdfe2d8436eb1f7a38d847e3d817592d7c350a2cbe993b609a1?s=250&#038;d=blank&#038;r=g' srcset='https:\/\/secure.gravatar.com\/avatar\/7971ba5f7bd7acdfe2d8436eb1f7a38d847e3d817592d7c350a2cbe993b609a1?s=250&#038;d=blank&#038;r=g 2x' class='avatar avatar-60 photo' height='60' width='60' decoding='async'\/><span>Nathalie Kersten<\/span><em>24. January 2019<\/em><\/div><\/div><\/li><\/ul><\/div>[\/vc_tta_section][vc_tta_section title=&#8221;WHAT FOR?&#8221; tab_id=&#8221;1665828329146-ec2b6ed2-59c9&#8243;][vc_column_text]The microbrushes can be used to apply products lint-free and clean and degrease the skin.[\/vc_column_text][\/vc_tta_section][\/vc_tta_accordion][vc_empty_space height=&#8221;20px&#8221;][\/vc_column][\/vc_row][vc_row type=&#8221;boxed&#8221;][vc_column width=&#8221;1\/6&#8243; offset=&#8221;vc_col-lg-1\/5 vc_col-xs-2 vc_hidden-xs&#8221;][\/vc_column][vc_column width=&#8221;1\/6&#8243; offset=&#8221;vc_col-lg-offset-0 vc_col-xs-3&#8243;][vc_single_image image=&#8221;353716&#8243; onclick=&#8221;custom_link&#8221; img_link_target=&#8221;_blank&#8221; link=&#8221;https:\/\/wa.me\/4915792300073&#8243;][\/vc_column][vc_column width=&#8221;1\/6&#8243; offset=&#8221;vc_col-xs-3&#8243;][vc_single_image image=&#8221;353719&#8243; onclick=&#8221;custom_link&#8221; link=&#8221;https:\/\/www.auramonaco.de\/en\/354356-2\/&#8221;][\/vc_column][vc_column width=&#8221;1\/6&#8243; offset=&#8221;vc_col-xs-3&#8243;][vc_single_image image=&#8221;353718&#8243; onclick=&#8221;custom_link&#8221; link=&#8221;tel:+494030094000&#8243;][\/vc_column][vc_column width=&#8221;1\/6&#8243; offset=&#8221;vc_col-lg-offset-0 vc_col-xs-3&#8243;][vc_single_image image=&#8221;353717&#8243; onclick=&#8221;custom_link&#8221; link=&#8221;https:\/\/www.auramonaco.de\/en\/354277-2\/&#8221;][\/vc_column][vc_column width=&#8221;1\/6&#8243; offset=&#8221;vc_col-lg-1\/5 vc_col-xs-2 vc_hidden-xs&#8221;][\/vc_column][\/vc_row][vc_row][vc_column offset=&#8221;vc_col-lg-offset-1 vc_col-lg-10&#8243;][vc_empty_space][vc_column_text]<\/p>\n<h3>RECOMMENDATIONS<\/h3>\n<p>[\/vc_column_text][vc_empty_space][\/vc_column][\/vc_row][vc_row][vc_column]<div class=\"woocommerce columns-4 \"><\/div>[\/vc_column][\/vc_row]<\/p>\n<\/div>","protected":false},"excerpt":{"rendered":"<p>Super flexible microbrushes for clean product application and lint-free cleaning.<br \/>\n100 pieces each in size S, M or L.<\/p>\n","protected":false},"featured_media":352527,"comment_status":"open","ping_status":"closed","template":"","meta":[],"product_brand":[],"product_cat":[913,914],"product_tag":[],"class_list":{"0":"post-361007","1":"product","2":"type-product","3":"status-publish","4":"has-post-thumbnail","6":"product_cat-brushes-and-applicators","7":"product_cat-sale","9":"first","10":"instock","11":"taxable","12":"shipping-taxable","13":"purchasable","14":"product-type-simple"},"_links":{"self":[{"href":"https:\/\/www.auramonaco.de\/en\/wp-json\/wp\/v2\/product\/361007","targetHints":{"allow":["GET"]}}],"collection":[{"href":"https:\/\/www.auramonaco.de\/en\/wp-json\/wp\/v2\/product"}],"about":[{"href":"https:\/\/www.auramonaco.de\/en\/wp-json\/wp\/v2\/types\/product"}],"replies":[{"embeddable":true,"href":"https:\/\/www.auramonaco.de\/en\/wp-json\/wp\/v2\/comments?post=361007"}],"wp:featuredmedia":[{"embeddable":true,"href":"https:\/\/www.auramonaco.de\/en\/wp-json\/wp\/v2\/media\/352527"}],"wp:attachment":[{"href":"https:\/\/www.auramonaco.de\/en\/wp-json\/wp\/v2\/media?parent=361007"}],"wp:term":[{"taxonomy":"product_brand","embeddable":true,"href":"https:\/\/www.auramonaco.de\/en\/wp-json\/wp\/v2\/product_brand?post=361007"},{"taxonomy":"product_cat","embeddable":true,"href":"https:\/\/www.auramonaco.de\/en\/wp-json\/wp\/v2\/product_cat?post=361007"},{"taxonomy":"product_tag","embeddable":true,"href":"https:\/\/www.auramonaco.de\/en\/wp-json\/wp\/v2\/product_tag?post=361007"}],"curies":[{"name":"wp","href":"https:\/\/api.w.org\/{rel}","templated":true}]}}