{"id":361000,"date":"2017-10-18T16:35:35","date_gmt":"2017-10-18T14:35:35","guid":{"rendered":"https:\/\/www.auramonaco.de\/product\/matte-ellipse-flat-lashes\/"},"modified":"2026-02-15T14:34:36","modified_gmt":"2026-02-15T13:34:36","slug":"015mm-020mm-thickness-ellipse-flat-lashes-lash-extension-c-d-curl","status":"publish","type":"product","link":"https:\/\/www.auramonaco.de\/en\/product\/015mm-020mm-thickness-ellipse-flat-lashes-lash-extension-c-d-curl\/","title":{"rendered":"Matte Ellipse Flat Lashes"},"content":{"rendered":"<div class=\"wpb-content-wrapper\"><p>[vc_row][vc_column][vc_column_text]<\/p>\n<p>[\/vc_column_text][\/vc_column][\/vc_row][vc_row type=&#8221;boxed&#8221;][vc_column width=&#8221;1\/6&#8243; offset=&#8221;vc_col-lg-1\/5 vc_col-xs-2 vc_hidden-xs&#8221;][\/vc_column][vc_column width=&#8221;1\/6&#8243; offset=&#8221;vc_col-lg-offset-0 vc_col-xs-3&#8243;][vc_single_image image=&#8221;353708&#8243;][\/vc_column][vc_column width=&#8221;1\/6&#8243; offset=&#8221;vc_col-xs-3&#8243;][vc_single_image image=&#8221;353703&#8243;][\/vc_column][vc_column width=&#8221;1\/6&#8243; offset=&#8221;vc_col-xs-3&#8243;][vc_single_image image=&#8221;353715&#8243;][\/vc_column][vc_column width=&#8221;1\/6&#8243; offset=&#8221;vc_col-lg-offset-0 vc_col-xs-3&#8243;][vc_single_image image=&#8221;353706&#8243;][\/vc_column][vc_column width=&#8221;1\/6&#8243; offset=&#8221;vc_col-lg-1\/5 vc_col-xs-2 vc_hidden-xs&#8221;][\/vc_column][\/vc_row][vc_row][vc_column offset=&#8221;vc_hidden-xs&#8221;][vc_empty_space][\/vc_column][\/vc_row][vc_row type=&#8221;boxed&#8221;][vc_column offset=&#8221;vc_col-lg-offset-1 vc_col-lg-10&#8243;][vc_tta_accordion title_tag=&#8221;p&#8221; section_title_tag=&#8221;p&#8221; shape=&#8221;square&#8221; color=&#8221;white&#8221; active_section=&#8221;999999999999&#8243; no_fill=&#8221;true&#8221; collapsible_all=&#8221;true&#8221;][vc_tta_section title=&#8221;PRODUCT INFO&#8221; tab_id=&#8221;1664987938376-3e895acf-516b&#8221;][vc_column_text]Proven AURA Monaco premium quality. Loved by thousands of stylists.<\/p>\n<p>&#8211; a total of 3800 lashes per box!<br \/>\n&#8211; hollow lashes for 40% less weight<br \/>\n&#8211; special elliptical shape<br \/>\n&#8211; Perfect for weak natural lashes<br \/>\n&#8211; 8 &#8211; 14mm mix box or single lengths<br \/>\n&#8211; 1A durability due to rough surface<br \/>\n&#8211; made of the highest quality PBT<br \/>\n&#8211; no silicones<br \/>\n&#8211; stable curl in B, C and D curl<br \/>\n&#8211; best price-performance ratio<br \/>\n&#8211; 100% vegan cruelty free lashes<br \/>\n&#8211; deep black color for maximum volume<\/p>\n<p>&#8211; Our lash boxes have a whole 16 rows and therefore a price advantage of 33%! Other companies often have only 12 rows.<br \/>\n&#8211; We set a new standard in the field of professional lashes. For stunning volume looks and healthy natural lashes at the same time.[\/vc_column_text][\/vc_tta_section][vc_tta_section title=&#8221;CONTENTS&#8221; tab_id=&#8221;1663241547027-623b8e25-4681&#8243;][vc_column_text css=&#8221;.vc_custom_1668165305796{border-radius: 25px !important;}&#8221;]3800 LASHES PER BOX<\/p>\n<p>SINGLE LENGTHS BOX<br \/>\n&#8211; 16 rows with approx. 237 lashes each<\/p>\n<p>MIX BOX<br \/>\n&#8211; 8mm &#8211; 1 row \u00e1 237 lashes<br \/>\n&#8211; 9mm &#8211; 1 row \u00e1 237 lashes<\/p>\n<p>&#8211; 10mm &#8211; 3 rows \u00e1 237 lashes<br \/>\n&#8211; 11mm &#8211; 3 rows \u00e1 237 lashes<br \/>\n&#8211; 12mm &#8211; 3 rows \u00e1 237 lashes<\/p>\n<p>&#8211; 13mm &#8211; 2 rows \u00e1 237 lashes<br \/>\n&#8211; 14mm &#8211; 2 rows \u00e1 237 lashes<br \/>\n&#8211; 15mm &#8211; 1 row \u00e1 237 lashes<\/p>\n<p>&#8211; Our boxes contain 16 instead of 12 rows = 33% price advantage<br \/>\n&#8211; Over 2000 5-Star Reviews can not be wrong[\/vc_column_text][\/vc_tta_section][vc_tta_section title=&#8221;BEFORE \/ AFTER&#8221; tab_id=&#8221;1663241547048-5e94f19a-4cb6&#8243;][vc_single_image image=&#8221;353713&#8243; img_size=&#8221;&#8221; alignment=&#8221;center&#8221; css=&#8221;.vc_custom_1663247387602{padding-right: 20px !important;padding-left: 20px !important;}&#8221;][vc_empty_space height=&#8221;5px&#8221;][vc_single_image image=&#8221;353712&#8243; img_size=&#8221;&#8221; alignment=&#8221;center&#8221; css=&#8221;.vc_custom_1663247541236{padding-right: 20px !important;padding-left: 20px !important;}&#8221;][vc_empty_space height=&#8221;5px&#8221;][vc_single_image image=&#8221;353714&#8243; img_size=&#8221;&#8221; alignment=&#8221;center&#8221; css=&#8221;.vc_custom_1663247204514{padding-right: 20px !important;padding-left: 20px !important;}&#8221;][vc_empty_space height=&#8221;5px&#8221;][vc_single_image image=&#8221;353711&#8243; img_size=&#8221;&#8221; alignment=&#8221;center&#8221; css=&#8221;.vc_custom_1663247557541{padding-right: 20px !important;padding-left: 20px !important;}&#8221;][\/vc_tta_section][vc_tta_section title=&#8221;REVIEWS&#8221; tab_id=&#8221;1665779341413-9f6fc378-e7ac&#8221;]<div class=\"nm-product-reviews layout-default\"><ul class=\"nm-product-reviews-ul xsmall-block-grid-1 small-block-grid-1 medium-block-grid-2 large-block-grid-4\"><li class=\"nm-product-review nm-product-361000-review\"><div class=\"nm-product-review-inner\"><div class=\"nm-product-review-star-rating\"><div class=\"star-rating\" role=\"img\" aria-label=\"Rated 5 out of 5\"><span style=\"width:100%\">Rated <strong class=\"rating\">5<\/strong> out of 5<\/span><\/div><\/div><div class=\"nm-product-review-description\">Perfekt f\u00fcr einen nat\u00fcrlichen Classic Look.\r\nSehr leicht und angenehm zu tragen<\/div><div class=\"nm-product-review-author\"><img src='https:\/\/secure.gravatar.com\/avatar\/27889665ddae6c91a5ac4928a1ea39f05792a665936c9a5c27279d64010ae23a?s=250&#038;d=blank&#038;r=g' srcset='https:\/\/secure.gravatar.com\/avatar\/27889665ddae6c91a5ac4928a1ea39f05792a665936c9a5c27279d64010ae23a?s=250&#038;d=blank&#038;r=g 2x' class='avatar avatar-60 photo' height='60' width='60' decoding='async'\/><span>faceartbysarah<i class=\"nm-font nm-font-check\" title=\"verified owner\"><\/i><\/span><em>20. October 2021<\/em><\/div><\/div><\/li><li class=\"nm-product-review nm-product-361000-review\"><div class=\"nm-product-review-inner\"><div class=\"nm-product-review-star-rating\"><div class=\"star-rating\" role=\"img\" aria-label=\"Rated 5 out of 5\"><span style=\"width:100%\">Rated <strong class=\"rating\">5<\/strong> out of 5<\/span><\/div><\/div><div class=\"nm-product-review-description\">Ich liebe die Flatlashes und meine Kundinnen ebenfalls!\r\nDIe f\u00fchlen sich top an und auch zum arbeiten sind sie top!\r\nUnd die Lieferung ist einfach nur super schnell!<\/div><div class=\"nm-product-review-author\"><img src='https:\/\/secure.gravatar.com\/avatar\/87c6bd959d49207fca1c9f9e80b0ce28393e8e7e9c19e19d88ea4b42a19eddb9?s=250&#038;d=blank&#038;r=g' srcset='https:\/\/secure.gravatar.com\/avatar\/87c6bd959d49207fca1c9f9e80b0ce28393e8e7e9c19e19d88ea4b42a19eddb9?s=250&#038;d=blank&#038;r=g 2x' class='avatar avatar-60 photo' height='60' width='60' decoding='async'\/><span>Natalia P.<i class=\"nm-font nm-font-check\" title=\"verified owner\"><\/i><\/span><em>21. June 2021<\/em><\/div><\/div><\/li><li class=\"nm-product-review nm-product-361000-review\"><div class=\"nm-product-review-inner\"><div class=\"nm-product-review-star-rating\"><div class=\"star-rating\" role=\"img\" aria-label=\"Rated 5 out of 5\"><span style=\"width:100%\">Rated <strong class=\"rating\">5<\/strong> out of 5<\/span><\/div><\/div><div class=\"nm-product-review-description\">Wimpern sind super sch\u00f6n weich und lassen sich prima verarbeiten<\/div><div class=\"nm-product-review-author\"><img src='https:\/\/secure.gravatar.com\/avatar\/2dabf30961db63890f6b9bbbbcd6dfc36b7ee26532e2b46ba2aac1ef801ad809?s=250&#038;d=blank&#038;r=g' srcset='https:\/\/secure.gravatar.com\/avatar\/2dabf30961db63890f6b9bbbbcd6dfc36b7ee26532e2b46ba2aac1ef801ad809?s=250&#038;d=blank&#038;r=g 2x' class='avatar avatar-60 photo' height='60' width='60' decoding='async'\/><span>Tiziana D.<i class=\"nm-font nm-font-check\" title=\"verified owner\"><\/i><\/span><em>29. March 2021<\/em><\/div><\/div><\/li><li class=\"nm-product-review nm-product-361000-review\"><div class=\"nm-product-review-inner\"><div class=\"nm-product-review-star-rating\"><div class=\"star-rating\" role=\"img\" aria-label=\"Rated 5 out of 5\"><span style=\"width:100%\">Rated <strong class=\"rating\">5<\/strong> out of 5<\/span><\/div><\/div><div class=\"nm-product-review-description\">Bin sehr zufrieden<\/div><div class=\"nm-product-review-author\"><img src='https:\/\/secure.gravatar.com\/avatar\/37f5ff4b082e158402882207e54c6efb3a7657331b35c1f72cdc88877ec7511d?s=250&#038;d=blank&#038;r=g' srcset='https:\/\/secure.gravatar.com\/avatar\/37f5ff4b082e158402882207e54c6efb3a7657331b35c1f72cdc88877ec7511d?s=250&#038;d=blank&#038;r=g 2x' class='avatar avatar-60 photo' height='60' width='60' decoding='async'\/><span>Alwina E.<i class=\"nm-font nm-font-check\" title=\"verified owner\"><\/i><\/span><em>9. March 2021<\/em><\/div><\/div><\/li><li class=\"nm-product-review nm-product-361000-review\"><div class=\"nm-product-review-inner\"><div class=\"nm-product-review-star-rating\"><div class=\"star-rating\" role=\"img\" aria-label=\"Rated 5 out of 5\"><span style=\"width:100%\">Rated <strong class=\"rating\">5<\/strong> out of 5<\/span><\/div><\/div><div class=\"nm-product-review-description\">SUPER!<\/div><div class=\"nm-product-review-author\"><img src='https:\/\/secure.gravatar.com\/avatar\/7971ba5f7bd7acdfe2d8436eb1f7a38d847e3d817592d7c350a2cbe993b609a1?s=250&#038;d=blank&#038;r=g' srcset='https:\/\/secure.gravatar.com\/avatar\/7971ba5f7bd7acdfe2d8436eb1f7a38d847e3d817592d7c350a2cbe993b609a1?s=250&#038;d=blank&#038;r=g 2x' class='avatar avatar-60 photo' height='60' width='60' decoding='async'\/><span>Alexandra Ciolea<\/span><em>8. January 2020<\/em><\/div><\/div><\/li><li class=\"nm-product-review nm-product-361000-review\"><div class=\"nm-product-review-inner\"><div class=\"nm-product-review-star-rating\"><div class=\"star-rating\" role=\"img\" aria-label=\"Rated 5 out of 5\"><span style=\"width:100%\">Rated <strong class=\"rating\">5<\/strong> out of 5<\/span><\/div><\/div><div class=\"nm-product-review-description\">Ganz ganz tolle Wimpern die sich super verarbeiten lassen \ud83d\ude42<\/div><div class=\"nm-product-review-author\"><img src='https:\/\/secure.gravatar.com\/avatar\/7971ba5f7bd7acdfe2d8436eb1f7a38d847e3d817592d7c350a2cbe993b609a1?s=250&#038;d=blank&#038;r=g' srcset='https:\/\/secure.gravatar.com\/avatar\/7971ba5f7bd7acdfe2d8436eb1f7a38d847e3d817592d7c350a2cbe993b609a1?s=250&#038;d=blank&#038;r=g 2x' class='avatar avatar-60 photo' height='60' width='60' decoding='async'\/><span>Miriam F.<\/span><em>8. January 2020<\/em><\/div><\/div><\/li><li class=\"nm-product-review nm-product-361000-review\"><div class=\"nm-product-review-inner\"><div class=\"nm-product-review-star-rating\"><div class=\"star-rating\" role=\"img\" aria-label=\"Rated 5 out of 5\"><span style=\"width:100%\">Rated <strong class=\"rating\">5<\/strong> out of 5<\/span><\/div><\/div><div class=\"nm-product-review-description\">Meine Standardwimpern mit denen ich grunds\u00e4tzlich 1 zu 1 Wimpernverl\u00e4ngerungen kleben. Sie sind etwas mehr tricky im Umgang als klassische Einzelwimpern weil sie so besonders weich sind...aber das lernt man schnell...LG<\/div><div class=\"nm-product-review-author\"><img src='https:\/\/secure.gravatar.com\/avatar\/7971ba5f7bd7acdfe2d8436eb1f7a38d847e3d817592d7c350a2cbe993b609a1?s=250&#038;d=blank&#038;r=g' srcset='https:\/\/secure.gravatar.com\/avatar\/7971ba5f7bd7acdfe2d8436eb1f7a38d847e3d817592d7c350a2cbe993b609a1?s=250&#038;d=blank&#038;r=g 2x' class='avatar avatar-60 photo' height='60' width='60' decoding='async'\/><span>Peri<\/span><em>22. November 2019<\/em><\/div><\/div><\/li><li class=\"nm-product-review nm-product-361000-review\"><div class=\"nm-product-review-inner\"><div class=\"nm-product-review-star-rating\"><div class=\"star-rating\" role=\"img\" aria-label=\"Rated 5 out of 5\"><span style=\"width:100%\">Rated <strong class=\"rating\">5<\/strong> out of 5<\/span><\/div><\/div><div class=\"nm-product-review-description\">Super Wimpern. Man merkt wirklich das die Wimpern eindeutig leichter sind, das sagen nicht nur Kunden, das wei\u00df auch ich weil ich sie selbst trage \ud83d\ude42 Ich finde es klasse dass man Flat Lashes wegen dem geringen Gewicht f\u00fcr die 1 zu 1 Technik auch bei Kunden benutzen kann die eher d\u00fcnnere Naturwimpern haben, ohne diese aber zu sch\u00e4digen..so kann man quasi 0,20 Looks kleben aber mit dem Gewicht von 0,10...klasse Erfindung diese Flat Lashes \ud83d\ude42<\/div><div class=\"nm-product-review-author\"><img src='https:\/\/secure.gravatar.com\/avatar\/7971ba5f7bd7acdfe2d8436eb1f7a38d847e3d817592d7c350a2cbe993b609a1?s=250&#038;d=blank&#038;r=g' srcset='https:\/\/secure.gravatar.com\/avatar\/7971ba5f7bd7acdfe2d8436eb1f7a38d847e3d817592d7c350a2cbe993b609a1?s=250&#038;d=blank&#038;r=g 2x' class='avatar avatar-60 photo' height='60' width='60' decoding='async'\/><span>Lash Studio Loft<\/span><em>18. May 2019<\/em><\/div><\/div><\/li><\/ul><\/div>[\/vc_tta_section][vc_tta_section title=&#8221;WHAT ARE FLAT LASHES?&#8221; tab_id=&#8221;1665828326878-fb41b0d0-ea8c&#8221;][vc_column_text]<\/p>\n<div id=\"ui-id-2\" class=\"wpb_accordion_content ui-accordion-content vc_clearfix ui-corner-bottom ui-helper-reset ui-widget-content ui-accordion-content-active\" role=\"tabpanel\" aria-labelledby=\"ui-id-1\" aria-hidden=\"false\">\n<div class=\"wpb_text_column wpb_content_element \">\n<div class=\"wpb_wrapper\">\n<p><b>Flat Lashes:<\/b> Lashes that are hollow on the inside. They are much lighter than classic lashes, but just as striking.<\/p>\n<p>Glossy &#8211; shiny<br \/>\nMatte &#8211; non-glossy<\/p>\n<p><b>Flat lashes with split tip<\/b> have a slightly split tip at the end with two ends, creating an inconspicuous volume effect.<\/p>\n<\/div>\n<\/div>\n<\/div>\n<p>[\/vc_column_text][\/vc_tta_section][vc_tta_section title=&#8221;WHICH THICKNESS?&#8221; tab_id=&#8221;1665828329146-ec2b6ed2-59c9&#8243;][vc_column_text]<b><span style=\"color: #fc85a9;\">0,03mm<\/span><\/b><br \/>\n&#8211; for the 10D to 25D volume technique<br \/>\n&#8211; extremely fine lashes<\/p>\n<p><b><span style=\"color: #fc85a9;\">0,05mm<\/span><\/b><br \/>\n&#8211; for the 6D to 9D volume technique<br \/>\n&#8211; very fine lashes<\/p>\n<p><b><span style=\"color: #fc85a9;\">0,07mm<\/span><\/b><br \/>\n&#8211; for the 3D to 5D volume technique<br \/>\n&#8211; fine lashes<\/p>\n<p>You need to master the volume technique and create the Fans yourself by hand.<br \/>\nYou haven&#8217;t mastered the volume technique yet? Then try our <b><span style=\"color: #fc85a9;\">Wonder Fan Lashes<\/span><\/b> out.<\/p>\n<p><b><span style=\"color: #fc85a9;\">0,10mm<\/span><\/b> &#8211; 2D &#8211; 3D volume technique<br \/>\n<b><span style=\"color: #fc85a9;\">0.15mm<\/span><\/b> &#8211; 2D volume technique or 1:1<br \/>\n<b><span style=\"color: #fc85a9;\">0.18mm<\/span><\/b> &#8211; 2D volume technique or 1:1<\/p>\n<p><b><span style=\"color: #fc85a9;\">0.20mm<\/span><\/b> &#8211; 1:1 technique<br \/>\n<b><span style=\"color: #fc85a9;\">0.25mm<\/span><\/b> &#8211; 1:1 technique<\/p>\n<p><b><span style=\"color: #fc85a9;\">0.15mm to 0.25mm<\/span><\/b><br \/>\n&#8211; thicker, more striking lashes<br \/>\n&#8211; Perfect for the 1:1 technique<\/p>\n<p>1:1 technique means: You glue one artificial lash per natural lash.[\/vc_column_text][\/vc_tta_section][vc_tta_section title=&#8221;WHICH CURL?&#8221; tab_id=&#8221;1665828332172-2f19f77b-9d24&#8243;][vc_column_text]<b><span style=\"color: #fc85a9;\">B-Curl<\/span><\/b> &#8211; weak, natural curl<br \/>\n<b><span style=\"color: #fc85a9;\">C-Curl<\/span><\/b> &#8211; normal, slightly stronger curl<br \/>\n<b><span style=\"color: #fc85a9;\">CC-Curl<\/span><\/b> &#8211; stronger than C, weaker than D<\/p>\n<p><b><span style=\"color: #fc85a9;\">D-Curl<\/span><\/b> &#8211; strong glamorous curl<br \/>\n<b><span style=\"color: #fc85a9;\">DD-Curl<\/span><\/b> &#8211; stronger than D, weaker than U<\/p>\n<p><b><span style=\"color: #fc85a9;\">U-Curl<\/span><\/b> &#8211; extreme curl<br \/>\n<b><span style=\"color: #fc85a9;\">M-Curl<\/span><\/b> &#8211; Very steep curl<\/p>\n<p><b><span style=\"color: #fc85a9;\">LC-Curl<\/span><\/b> &#8211; for spectacle wearers and drooping eyelids<br \/>\n<b><span style=\"color: #fc85a9;\">LD-Curl<\/span><\/b> &#8211; for spectacle wearers and drooping eyelids[\/vc_column_text][\/vc_tta_section][\/vc_tta_accordion][vc_empty_space height=&#8221;20px&#8221;][\/vc_column][\/vc_row][vc_row type=&#8221;boxed&#8221;][vc_column width=&#8221;1\/6&#8243; offset=&#8221;vc_col-lg-1\/5 vc_col-xs-2 vc_hidden-xs&#8221;][\/vc_column][vc_column width=&#8221;1\/6&#8243; offset=&#8221;vc_col-lg-offset-0 vc_col-xs-3&#8243;][vc_single_image image=&#8221;353716&#8243; onclick=&#8221;custom_link&#8221; img_link_target=&#8221;_blank&#8221; link=&#8221;https:\/\/wa.me\/4915792300073&#8243;][\/vc_column][vc_column width=&#8221;1\/6&#8243; offset=&#8221;vc_col-xs-3&#8243;][vc_single_image image=&#8221;353719&#8243; onclick=&#8221;custom_link&#8221; link=&#8221;https:\/\/www.auramonaco.de\/en\/354356-2\/&#8221;][\/vc_column][vc_column width=&#8221;1\/6&#8243; offset=&#8221;vc_col-xs-3&#8243;][vc_single_image image=&#8221;353718&#8243; onclick=&#8221;custom_link&#8221; link=&#8221;tel:+494030094000&#8243;][\/vc_column][vc_column width=&#8221;1\/6&#8243; offset=&#8221;vc_col-lg-offset-0 vc_col-xs-3&#8243;][vc_single_image image=&#8221;353717&#8243; onclick=&#8221;custom_link&#8221; link=&#8221;https:\/\/www.auramonaco.de\/en\/354277-2\/&#8221;][\/vc_column][vc_column width=&#8221;1\/6&#8243; offset=&#8221;vc_col-lg-1\/5 vc_col-xs-2 vc_hidden-xs&#8221;][\/vc_column][\/vc_row][vc_row][vc_column offset=&#8221;vc_col-lg-offset-1 vc_col-lg-10&#8243;][vc_empty_space][vc_column_text]<\/p>\n<h3>RECOMMENDATIONS<\/h3>\n<p>[\/vc_column_text][vc_empty_space][\/vc_column][\/vc_row][vc_row][vc_column]<div class=\"woocommerce columns-4 \"><\/div>[\/vc_column][\/vc_row][vc_row][vc_column][vc_column_text]<\/p>\n<p>[\/vc_column_text][\/vc_column][\/vc_row]<\/p>\n<\/div>","protected":false},"excerpt":{"rendered":"<p><img decoding=\"async\" class=\"alignnone wp-image-2084\" src=\"https:\/\/www.auramonaco.de\/wp-content\/uploads\/2022\/10\/cruelty-free1-e1666168349232.png\" alt=\"\" width=\"50\">  <img decoding=\"async\" src=\"https:\/\/www.auramonaco.de\/wp-content\/uploads\/2022\/10\/Vegan-e1666168555794.png\" alt=\"\" width=\"50\">  <img decoding=\"async\" class=\"alignnone wp-image-2084\" src=\"https:\/\/www.auramonaco.de\/wp-content\/uploads\/2022\/10\/AM-Handmade-Icon-e1666168532404.png\" alt=\"\" width=\"50\">  <img decoding=\"async\" src=\"https:\/\/www.auramonaco.de\/wp-content\/uploads\/2022\/10\/AM-Super-Soft-Icon-e1666168509828.png\" alt=\"\" width=\"50\">  <img decoding=\"async\" src=\"https:\/\/www.auramonaco.de\/wp-content\/uploads\/2022\/10\/Ellipse-Flat-Icon-e1666168436642.png\" alt=\"\" width=\"50\"><\/p>\n<p>16 rows of super soft matte Ellipse Flat Lashes which are hollow from the inside for up to 40% less weight on the natural lash.<\/p>\n","protected":false},"featured_media":352842,"comment_status":"open","ping_status":"closed","template":"","meta":[],"product_brand":[],"product_cat":[911],"product_tag":[],"class_list":{"0":"post-361000","1":"product","2":"type-product","3":"status-publish","4":"has-post-thumbnail","6":"product_cat-flat-lashes","8":"first","9":"instock","10":"taxable","11":"shipping-taxable","12":"purchasable","13":"product-type-variable"},"_links":{"self":[{"href":"https:\/\/www.auramonaco.de\/en\/wp-json\/wp\/v2\/product\/361000","targetHints":{"allow":["GET"]}}],"collection":[{"href":"https:\/\/www.auramonaco.de\/en\/wp-json\/wp\/v2\/product"}],"about":[{"href":"https:\/\/www.auramonaco.de\/en\/wp-json\/wp\/v2\/types\/product"}],"replies":[{"embeddable":true,"href":"https:\/\/www.auramonaco.de\/en\/wp-json\/wp\/v2\/comments?post=361000"}],"wp:featuredmedia":[{"embeddable":true,"href":"https:\/\/www.auramonaco.de\/en\/wp-json\/wp\/v2\/media\/352842"}],"wp:attachment":[{"href":"https:\/\/www.auramonaco.de\/en\/wp-json\/wp\/v2\/media?parent=361000"}],"wp:term":[{"taxonomy":"product_brand","embeddable":true,"href":"https:\/\/www.auramonaco.de\/en\/wp-json\/wp\/v2\/product_brand?post=361000"},{"taxonomy":"product_cat","embeddable":true,"href":"https:\/\/www.auramonaco.de\/en\/wp-json\/wp\/v2\/product_cat?post=361000"},{"taxonomy":"product_tag","embeddable":true,"href":"https:\/\/www.auramonaco.de\/en\/wp-json\/wp\/v2\/product_tag?post=361000"}],"curies":[{"name":"wp","href":"https:\/\/api.w.org\/{rel}","templated":true}]}}