{"id":354341,"date":"2021-07-20T13:34:45","date_gmt":"2021-07-20T11:34:45","guid":{"rendered":"https:\/\/www.auramonaco.de\/354341-2\/"},"modified":"2022-12-23T17:44:31","modified_gmt":"2022-12-23T16:44:31","slug":"354341-2","status":"publish","type":"page","link":"https:\/\/www.auramonaco.de\/en\/354341-2\/","title":{"rendered":""},"content":{"rendered":"<div class=\"wpb-content-wrapper\"><p>[vc_empty_space]<\/p>\n<p><center><img decoding=\"async\" src=\"https:\/\/www.auramonaco.de\/wp-content\/uploads\/2020\/01\/Logo.gif\" alt=\"\" width=\"380\" \/><\/center>[vc_empty_space height=20px&#8221;]<br \/>\n[vc_row][vc_column][vc_column_text]<\/p>\n<h2 style=\"text-align: center;\"><span style=\"color: #fc85a9;\"><strong>Du hast dich erfolgreich angemeldet!<\/strong><\/span><\/h2>\n<p><center>Du wirst nun innerhalb der n\u00e4chsten Minuten eine E-Mail mit deinem pers\u00f6nlichen 10% Gutscheincode erhalten. Pr\u00fcfe bitte daher gleich deinen Posteingang.<\/center><\/p>\n<p style=\"text-align: center;\"><span style=\"color: #ff0000;\"><b>Du findest die E-Mail nicht? Schau unbedingt auch im SPAM- oder Werbungs-Ordner nach.<\/b><\/span><\/p>\n<p style=\"text-align: center;\"><span style=\"color: #ff0000;\"><b>Es kann bis zu 5 Minuten dauern, bis dein Gutscheincode ankommt.<br \/>\n<\/b><\/span><\/p>\n<\/div>","protected":false},"excerpt":{"rendered":"<p>[vc_empty_space] [vc_empty_space height=20px&#8221;] [vc_row][vc_column][vc_column_text] Du hast dich erfolgreich angemeldet! Du wirst nun innerhalb der n\u00e4chsten Minuten eine E-Mail mit deinem &hellip;<\/p>\n","protected":false},"author":23,"featured_media":0,"parent":0,"menu_order":0,"comment_status":"closed","ping_status":"closed","template":"","meta":{"footnotes":""},"class_list":["post-354341","page","type-page","status-publish","hentry"],"_links":{"self":[{"href":"https:\/\/www.auramonaco.de\/en\/wp-json\/wp\/v2\/pages\/354341","targetHints":{"allow":["GET"]}}],"collection":[{"href":"https:\/\/www.auramonaco.de\/en\/wp-json\/wp\/v2\/pages"}],"about":[{"href":"https:\/\/www.auramonaco.de\/en\/wp-json\/wp\/v2\/types\/page"}],"author":[{"embeddable":true,"href":"https:\/\/www.auramonaco.de\/en\/wp-json\/wp\/v2\/users\/23"}],"replies":[{"embeddable":true,"href":"https:\/\/www.auramonaco.de\/en\/wp-json\/wp\/v2\/comments?post=354341"}],"version-history":[{"count":0,"href":"https:\/\/www.auramonaco.de\/en\/wp-json\/wp\/v2\/pages\/354341\/revisions"}],"wp:attachment":[{"href":"https:\/\/www.auramonaco.de\/en\/wp-json\/wp\/v2\/media?parent=354341"}],"curies":[{"name":"wp","href":"https:\/\/api.w.org\/{rel}","templated":true}]}}