{"id":354321,"date":"2021-12-25T11:55:22","date_gmt":"2021-12-25T10:55:22","guid":{"rendered":"https:\/\/www.auramonaco.de\/policy-for-refunds-and-returns\/"},"modified":"2022-12-27T14:19:52","modified_gmt":"2022-12-27T13:19:52","slug":"policy-for-refunds-and-returns","status":"publish","type":"page","link":"https:\/\/www.auramonaco.de\/en\/policy-for-refunds-and-returns\/","title":{"rendered":"Policy for refunds and returns"},"content":{"rendered":"<div class=\"wpb-content-wrapper\"><p>[vc_row][vc_column][vc_message color=&#8221;success&#8221; message_box_style=&#8221;classic&#8221; message_box_color=&#8221;alert-info&#8221; style=&#8221;rounded&#8221;]<span style=\"color: #000000;\">One of our best selling lash types! These 5D Lashes allow <b>significantly more volume<\/b> than classic 3D lashes. For those who want more.<br \/>\nRated \u2b50\u2b50\u2b50\u2b50\u2b50.<\/span>[\/vc_message][vc_tta_tabs style=&#8221;outline&#8221; shape=&#8221;square&#8221; color=&#8221;black&#8221; spacing=&#8221;&#8221; active_section=&#8221;0&#8243; no_fill_content_area=&#8221;true&#8221;][vc_tta_section title=&#8221;Artikelbeschreibung &#x1f447;&#8221; tab_id=&#8221;1637675607694-e8c4c8c5-029d&#8221;][vc_cta h2=&#8221;premade 5D fans.&#8221; color=&#8221;black&#8221; add_icon=&#8221;top&#8221; i_icon_fontawesome=&#8221;fas fa-paperclip&#8221; i_color=&#8221;custom&#8221; i_custom_color=&#8221;#fc85a9&#8243;]Bew\u00e4hrte AURA Monaco Premium-Qualit\u00e4t. Von tausenden Stylisten <strong>geliebt<\/strong>.<\/p>\n<p>&#x1f497; insgesamt 120 Wimpernf\u00e4cher<br \/>\n&#x1f497; = 600 Wimpern pro Box<br \/>\n&#x1f497; 0,05mm, 0,07mm &amp; 0,10mm St\u00e4rke<br \/>\n&#x1f497; C &amp; D-Curl nach Wahl<br \/>\n&#x1f497; 8 &#8211; 14mm Mix Box oder Einzell\u00e4ngen<br \/>\n&#x1f497; besonders breit gef\u00e4chert<br \/>\n&#x1f497; extra kleiner Klebepunkt<br \/>\n&#x1f497; tiefschwarze Farbe f\u00fcr maximales Volumen<br \/>\n&#x1f497; bestes Preis-Leistungsverh\u00e4ltnis<br \/>\n&#x1f497; Volumentechnik m\u00f6glich ohne Schulung<br \/>\n&#x1f497; 100% vegane Wimpern<\/p>\n<p>&#x2705; Wir verwenden nur die hochfertigste Fasern bester Qualit\u00e4t.<br \/>\n&#x1f50e; Unsere Wimpernf\u00e4cher setzen einen neuen Standard im Bereich der professionellen Wimpern. Mit extra kleinen Klebepunkten, f\u00fcr atemberaubende Volumen Looks und gleichzeitig gesunde Naturwimpern.<\/p>\n<p>Das gibt es nur bei AURA Monaco &#x1f947;[\/vc_cta][\/vc_tta_section][vc_tta_section title=&#8221;Inhalt &#x1f50e;&#8221; tab_id=&#8221;1637675607694-205c5981-140e&#8221;][vc_cta h2=&#8221;120 fans per <b>BOX<\/b>.&#8221; add_icon=&#8221;top&#8221; i_icon_fontawesome=&#8221;fas fa-paperclip&#8221; i_color=&#8221;custom&#8221; i_custom_color=&#8221;#fc85a9&#8243; css=&#8221;.vc_custom_1638630533135{background-color: #f9cce7 !important;}&#8221;]<br \/>\n<b>EINZELL\u00c4NGEN BOX<\/b><br \/>\n&#x1f497; 12 Reihen mit je 10 F\u00e4chern<\/p>\n<p style=\"text-align: left;\"><b>MIX BOX<\/b><br \/>\n&#x1f497; <b>8mm<\/b> &#8211; 1 Reihe \u00e1 20 F\u00e4cher = 10 F\u00e4cher<br \/>\n&#x1f497; <b>9mm<\/b> &#8211; 1 Reihe \u00e1 20 F\u00e4cher = 10 F\u00e4cher<\/p>\n<p>&#x1f497; <b>10mm<\/b> &#8211; 2 Reihen \u00e1 20 F\u00e4cher = 20 F\u00e4cher<br \/>\n&#x1f497; <b>11mm<\/b> &#8211; 2 Reihen \u00e1 20 F\u00e4cher = 20 F\u00e4cher<br \/>\n&#x1f497; <b>12mm<\/b> &#8211; 2 Reihen \u00e1 20 F\u00e4cher = 20 F\u00e4cher<\/p>\n<p>&#x1f497; <b>13mm<\/b> &#8211; 2 Reihen \u00e1 20 F\u00e4cher = 20 F\u00e4cher<br \/>\n&#x1f497; <b>14mm<\/b> &#8211; 2 Reihen a 20 F\u00e4cher = 20 F\u00e4cher<\/p>\n<p>&#x1f4a1; Unsere Boxen enthalten 120 F\u00e4cher = <b>600 einzelne Wimpern<\/b><br \/>\n&#x1f380; \u00dcber 2000 &#x2b50;&#x2b50;&#x2b50;&#x2b50;&#x2b50; Bewertungen k\u00f6nnen nicht falsch liegen![\/vc_cta][\/vc_tta_section][vc_tta_section title=&#8221;Vergleich &#x1f4e6;&#8221; tab_id=&#8221;1640678168333-af4010b0-5ab2&#8243;][vc_empty_space height=&#8221;10px&#8221;][vc_row_inner][vc_column_inner css=&#8221;.vc_custom_1640679496673{background-color: #f7f7f7 !important;}&#8221;][vc_column_text]<img decoding=\"async\" class=\"size-full wp-image-257393 aligncenter\" src=\"https:\/\/www.auramonaco.de\/wp-content\/uploads\/2022\/01\/5D-Qualitaetsvergleich-Classic-Box.gif\" alt=\"\" width=\"600\" height=\"600\">[\/vc_column_text][\/vc_column_inner][\/vc_row_inner][\/vc_tta_section][vc_tta_section title=&#8221;Instruction \u2714\ufe0f&#8221; tab_id=&#8221;1640878781173-bc7f4da8-3d71&#8243;][vc_cta h2=&#8221;Volume technology <b>made simple<\/b>.&#8221; add_icon=&#8221;top&#8221; i_icon_fontawesome=&#8221;fas fa-graduation-cap&#8221; i_color=&#8221;custom&#8221; i_custom_color=&#8221;#fc85a9&#8243;]<\/p>\n<h5>Schaue dir hier unsere Anleitungsvideos an! &#x1f60d;<\/h5>\n<p><iframe src=\"https:\/\/player.vimeo.com\/video\/661211223?h=a48d07ce9f\" width=\"640\" height=\"360\" frameborder=\"0\" allowfullscreen=\"allowfullscreen\"><\/iframe><iframe src=\"https:\/\/player.vimeo.com\/video\/661216752?h=b1925ef8a7\" width=\"640\" height=\"360\" frameborder=\"0\" allowfullscreen=\"allowfullscreen\"><\/iframe>[\/vc_cta][\/vc_tta_section][vc_tta_section title=&#8221;Bewertungen &#x1f497;&#8221; tab_id=&#8221;1638631287817-d8f9b06f-32be&#8221;][vc_cta h2=&#8221;What our <b>customers<\/b> say.&#8221;][wc_photo_reviews_shortcode comments_per_page=&#8221;12&#8243; cols=&#8221;3&#8243; cols_mobile=&#8221;1&#8243; use_single_product=&#8221;on&#8221; cols_gap=&#8221;&#8221; products=&#8221;&#8221; grid_bg_color=&#8221;&#8221; grid_item_bg_color=&#8221;&#8221; grid_item_border_color=&#8221;&#8221; text_color=&#8221;&#8221; star_color=&#8221;&#8221; verified_badge_color=&#8221;&#8221; product_cat=&#8221;&#8221; order=&#8221;&#8221; orderby=&#8221;&#8221; comment_date_gmt&#8221; show_product=&#8221;on&#8221; filter=&#8221;off&#8221; pagination=&#8221;on&#8221; reviews_per_page=&#8221;&#8221; pagination_ajax=&#8221;on&#8221; filter_default_image=&#8221;off&#8221; filter_default_verified=&#8221;off&#8221; filter_default_rating=&#8221;&#8221; pagination_position=&#8221;&#8221; conditional_tag=&#8221;&#8221; custom_css=&#8221;.shortcode-wcpr-stars-count .star-rating:before, .shortcode-wcpr-content .shortcode-review-content-container .star-rating:before, .shortcode-wcpr-stars-count .star-rating span:before, .shortcode-wcpr-content .shortcode-review-content-container .star-rating span:before{ letter-spacing: 1px; }&#8221; ratings=&#8221;&#8221; mobile=&#8221;ON&#8221; style=&#8221;masonry&#8221; masonry_popup=&#8221;review&#8221; enable_box_shadow=&#8221;&#8221; full_screen_mobile=&#8221;on&#8221; overall_rating=&#8221;off&#8221; rating_count=&#8221;off&#8221; only_images=&#8221;off&#8221; image_popup=&#8221;below_thumb&#8221;][\/vc_cta][\/vc_tta_section][\/vc_tta_tabs][vc_empty_space height=&#8221;15&#8243;][\/vc_column][\/vc_row][vc_row][vc_column width=&#8221;3\/4&#8243;][vc_column_text css=&#8221;.vc_custom_1638633206162{background-position: center !important;background-repeat: no-repeat !important;background-size: cover !important;}&#8221;]<\/p>\n<p style=\"text-align: left;\"><span style=\"font-size: 18pt;\"><span style=\"font-family: apercu-regular;\">\u270c\ufe0f The AURA Monaco<\/span> <span style=\"font-family: apercu-bold;\">Quality Promise.<\/span><\/span><\/p>\n<p>[\/vc_column_text][\/vc_column][\/vc_row][vc_row][vc_column][vc_empty_space height=&#8221;20&#8243;][vc_separator title_size=&#8221;small&#8221;][\/vc_column][\/vc_row][vc_row][vc_column][\/vc_column][\/vc_row][vc_row][vc_column][vc_empty_space height=&#8221;5px&#8221;][\/vc_column][\/vc_row][vc_row type=&#8221;boxed&#8221; max_width=&#8221;1500&#8243; content_placement=&#8221;middle&#8221;][vc_column width=&#8221;1\/12&#8243;][vc_single_image image=&#8221;1289&#8243; img_size=&#8221;&#8221;][\/vc_column][vc_column width=&#8221;11\/12&#8243; offset=&#8221;vc_col-lg-offset-0 vc_col-md-offset-0 vc_col-sm-offset-0&#8243;][vc_column_text]Shipping within 24 hrs*[\/vc_column_text][\/vc_column][\/vc_row][vc_row][vc_column][vc_empty_space height=&#8221;10px&#8221;][vc_separator title_size=&#8221;small&#8221;][vc_empty_space height=&#8221;10px&#8221;][\/vc_column][\/vc_row][vc_row type=&#8221;boxed&#8221; max_width=&#8221;1500&#8243; content_placement=&#8221;middle&#8221;][vc_column width=&#8221;1\/12&#8243;][vc_single_image image=&#8221;1288&#8243; img_size=&#8221;&#8221;][\/vc_column][vc_column width=&#8221;11\/12&#8243;][vc_column_text]free shipping from 149\u20ac *[\/vc_column_text][\/vc_column][\/vc_row][vc_row][vc_column][vc_empty_space height=&#8221;10px&#8221;][vc_separator title_size=&#8221;small&#8221;][vc_empty_space height=&#8221;10px&#8221;][\/vc_column][\/vc_row][vc_row type=&#8221;boxed&#8221; max_width=&#8221;1500&#8243; content_placement=&#8221;middle&#8221;][vc_column width=&#8221;1\/12&#8243;][vc_single_image image=&#8221;1290&#8243; img_size=&#8221;&#8221;][\/vc_column][vc_column width=&#8221;11\/12&#8243;][vc_column_text]Installment and invoice purchase[\/vc_column_text][\/vc_column][\/vc_row][vc_row][vc_column][vc_empty_space height=&#8221;10px&#8221;][\/vc_column][\/vc_row][vc_row][vc_column][vc_separator title_size=&#8221;small&#8221;][vc_empty_space height=&#8221;10px&#8221;][\/vc_column][\/vc_row][vc_row][vc_column][vc_empty_space height=&#8221;15&#8243;][\/vc_column][\/vc_row][vc_section][\/vc_section][vc_row css=&#8221;.vc_custom_1436705138258{padding-bottom: 46px !important;}&#8221;][vc_column][vc_accordion collapsible=&#8221;yes&#8221;][vc_accordion_tab title=&#8221;What is the use of ready-made fans?&#8221;][vc_column_text]<b><br \/>\n  <span style=\"color: #fc85a9;\">ready eyelash fans<\/span><br \/>\n<\/b> are already pre-fanned and have e.g. 5 lashes per fan. This saves you a lot of time and allows you to offer your clients the volume technique even if you have not yet taken a volume training course.[\/vc_column_text][\/vc_accordion_tab][vc_accordion_tab title=&#8221;2D &#8211; 3D or 5D?&#8221;][vc_column_text]<b><br \/>\n  <span style=\"color: #fc85a9;\">2D<\/span><br \/>\n<\/b> &#8211; 2 lashes per fan<br \/>\n<b><br \/>\n  <span style=\"color: #fc85a9;\">3D<\/span><br \/>\n<\/b> &#8211; 3 lashes per fan<br \/>\n<b><br \/>\n  <span style=\"color: #fc85a9;\">5D<\/span><br \/>\n<\/b> &#8211; 5 lashes per fan<\/p>\n<p>etc.[\/vc_column_text][\/vc_accordion_tab][vc_accordion_tab title=&#8221;C or D curl?&#8221;][vc_column_text]<b><br \/>\n  <span style=\"color: #fc85a9;\">B-Curl<\/span><br \/>\n<\/b> &#8211; weak, natural curl<br \/>\n<b><br \/>\n  <span style=\"color: #fc85a9;\">C-Curl<\/span><br \/>\n<\/b> &#8211; normal, slightly stronger curl<br \/>\n<b><br \/>\n  <span style=\"color: #fc85a9;\">CC-Curl<\/span><br \/>\n<\/b> &#8211; stronger than C, weaker than D<\/p>\n<p><b><br \/>\n  <span style=\"color: #fc85a9;\">D-Curl<\/span><br \/>\n<\/b> &#8211; strong glamorous curl<br \/>\n<b><br \/>\n  <span style=\"color: #fc85a9;\">DD-Curl<\/span><br \/>\n<\/b> &#8211; stronger than D, weaker than U<\/p>\n<p><b><br \/>\n  <span style=\"color: #fc85a9;\">U-Curl<\/span><br \/>\n<\/b> &#8211; extreme curl<br \/>\n<b><br \/>\n  <span style=\"color: #fc85a9;\">M-Curl<\/span><br \/>\n<\/b> &#8211; Very steep curl<\/p>\n<p><b><br \/>\n  <span style=\"color: #fc85a9;\">LC-Curl<\/span><br \/>\n<\/b> &#8211; for spectacle wearers and drooping eyelids<br \/>\n<b><br \/>\n  <span style=\"color: #fc85a9;\">LD-Curl<\/span><br \/>\n<\/b> &#8211; for spectacle wearers and drooping eyelids[\/vc_column_text][\/vc_accordion_tab][\/vc_accordion][\/vc_column][\/vc_row]<\/p>\n<\/div>","protected":false},"excerpt":{"rendered":"<p>[vc_row][vc_column][vc_message color=&#8221;success&#8221; message_box_style=&#8221;classic&#8221; message_box_color=&#8221;alert-info&#8221; style=&#8221;rounded&#8221;]One of our best selling lash types! These 5D Lashes allow significantly more volume than classic &hellip;<\/p>\n","protected":false},"author":1,"featured_media":0,"parent":0,"menu_order":0,"comment_status":"closed","ping_status":"closed","template":"","meta":{"footnotes":""},"class_list":["post-354321","page","type-page","status-publish","hentry"],"_links":{"self":[{"href":"https:\/\/www.auramonaco.de\/en\/wp-json\/wp\/v2\/pages\/354321","targetHints":{"allow":["GET"]}}],"collection":[{"href":"https:\/\/www.auramonaco.de\/en\/wp-json\/wp\/v2\/pages"}],"about":[{"href":"https:\/\/www.auramonaco.de\/en\/wp-json\/wp\/v2\/types\/page"}],"author":[{"embeddable":true,"href":"https:\/\/www.auramonaco.de\/en\/wp-json\/wp\/v2\/users\/1"}],"replies":[{"embeddable":true,"href":"https:\/\/www.auramonaco.de\/en\/wp-json\/wp\/v2\/comments?post=354321"}],"version-history":[{"count":0,"href":"https:\/\/www.auramonaco.de\/en\/wp-json\/wp\/v2\/pages\/354321\/revisions"}],"wp:attachment":[{"href":"https:\/\/www.auramonaco.de\/en\/wp-json\/wp\/v2\/media?parent=354321"}],"curies":[{"name":"wp","href":"https:\/\/api.w.org\/{rel}","templated":true}]}}